{"id":7817,"date":"2016-02-18T14:02:25","date_gmt":"2016-02-18T14:02:25","guid":{"rendered":"https:\/\/masbanatawaida.com\/a-propos\/"},"modified":"2026-03-26T13:37:06","modified_gmt":"2026-03-26T13:37:06","slug":"a-propos","status":"publish","type":"page","link":"https:\/\/masbanatawaida.com\/fr\/a-propos\/","title":{"rendered":"\u00c0 PROPOS"},"content":{"rendered":"<div class=\"wpb-content-wrapper\"><p>[vc_row content_width=\u00a0\u00bbgrid\u00a0\u00bb css=\u00a0\u00bb.vc_custom_1772215785748{padding-top: 80px !important;}\u00a0\u00bb][vc_column]<div class=\"edgtf-st\">\n\t<div class=\"edgtf-st-inner\">\n        <div class=\"edgtf-st-title-holder\">\n            <h2 class=\"edgtf-st-title\" >\n                <span>BIENVENUE DANS NOTRE UNIVERS<\/span>\n            <\/h2>\n        <\/div>\n        <div class=\"edgtf-separator-holder clearfix  edgtf-separator-center\">\n\t<div class=\"edgtf-separator\" style=\"margin-top: 20px;margin-bottom: 0px\"><\/div>\n<\/div>\n\t\t<div class=\"edgtf-st-text-holder\" >\n            <span class=\"edgtf-st-text-text\"><span style=\"color: #232a2c;\">Il y a environ cent quarante ans, Masbanat Awaida a \u00e9t\u00e9 fond\u00e9e par un homme visionnaire issu de l\u2019une des familles les plus prestigieuses du Liban, M. Hussein Awaida. Propri\u00e9taire de nombreuses oliveraies et fervent d\u00e9fenseur de l\u2019industrie comme pilier essentiel de l\u2019\u00e9conomie, il d\u00e9cida de cr\u00e9er ce qui pourrait \u00eatre la premi\u00e8re fabrique de savon artisanal \u00e0 base d\u2019huile d\u2019olive au Liban. G\u00e9n\u00e9ration apr\u00e8s g\u00e9n\u00e9ration, les membres de la famille Awaida ont pr\u00e9serv\u00e9 ce pr\u00e9cieux savoir-faire et l\u2019ont d\u00e9velopp\u00e9 pour en faire l\u2019une des formes les plus raffin\u00e9es, sophistiqu\u00e9es et, surtout, les plus naturelles des industries artistiques d\u2019aujourd\u2019hui. <\/span><\/span>\n\t\t<\/div>\n\t<\/div>\n<\/div>[vc_empty_space height=\u00a0\u00bb21&Prime;]<a href=\"https:\/\/masbanatawaida.com\/masbanat-awaida-history\/\" target=\"_self\" style=\"color: #000000;border-color: #000000\" class=\"edgtf-btn edgtf-btn-medium edgtf-btn-outline edgtf-btn-custom-hover-bg edgtf-btn-custom-border-hover edgtf-btn-custom-hover-color\" data-hover-bg-color=\"#000000\" data-hover-color=\"#ffffff\" data-hover-border-color=\"#000000\" >\n   \t   \t\t<span class=\"edgtf-button-background edgtf-before\"><\/span>\n   \t\t<span class=\"edgtf-button-background edgtf-after\"><\/span>\n   \t        \t<span class=\"edgtf-btn-text\">NOTRE HISTOIRE<\/span>\n        <\/a>[\/vc_column][\/vc_row][vc_row content_width=\u00a0\u00bbgrid\u00a0\u00bb css=\u00a0\u00bb.vc_custom_1456322843587{padding-top: 100px !important;}\u00a0\u00bb][vc_column offset=\u00a0\u00bbvc_hidden-lg vc_hidden-md vc_hidden-sm vc_hidden-xs\u00a0\u00bb]<div class=\"edgtf-gbm-holder edgtf-large-space \">\n\t<div class=\"edgtf-gbm-inner\">\n\t\t<div class=\"edgtf-gbm-grid-sizer\"><\/div>\n\t\t<div class=\"edgtf-gbm-grid-gutter\"><\/div>\n\t\t<div class=\"edgtf-gbm-item edgtf-image-block\">\n\t<div class=\"edgtf-gbm-item-inner\" >\n\t\t\t\t\t<div class=\"edgtf-gbm-image\">\n\t\t\t\t\t\t\t\t\t\t\t\t\t\t<img loading=\"lazy\" decoding=\"async\" width=\"600\" height=\"899\" src=\"https:\/\/masbanatawaida.com\/wp-content\/uploads\/2018\/10\/MASBANAT-AWAIDA-ABOUT-BLOCKS1B.jpg\" class=\"attachment-full size-full\" alt=\"\" srcset=\"https:\/\/masbanatawaida.com\/wp-content\/uploads\/2018\/10\/MASBANAT-AWAIDA-ABOUT-BLOCKS1B.jpg 600w, https:\/\/masbanatawaida.com\/wp-content\/uploads\/2018\/10\/MASBANAT-AWAIDA-ABOUT-BLOCKS1B-200x300.jpg 200w\" sizes=\"auto, (max-width: 600px) 100vw, 600px\" \/>\t\t\t\t\t\t\t\t\t\t\t\t<\/div>\n\t\t\t\t\t<\/div>\n<\/div><div class=\"edgtf-gbm-item edgtf-image-block\">\n\t<div class=\"edgtf-gbm-item-inner\" >\n\t\t\t\t\t<div class=\"edgtf-gbm-image\">\n\t\t\t\t\t\t\t\t\t\t\t\t\t\t<img loading=\"lazy\" decoding=\"async\" width=\"600\" height=\"899\" src=\"https:\/\/masbanatawaida.com\/wp-content\/uploads\/2018\/10\/MASBANAT-AWAIDA-ABOUT-BLOCKS2B.jpg\" class=\"attachment-full size-full\" alt=\"\" srcset=\"https:\/\/masbanatawaida.com\/wp-content\/uploads\/2018\/10\/MASBANAT-AWAIDA-ABOUT-BLOCKS2B.jpg 600w, https:\/\/masbanatawaida.com\/wp-content\/uploads\/2018\/10\/MASBANAT-AWAIDA-ABOUT-BLOCKS2B-200x300.jpg 200w\" sizes=\"auto, (max-width: 600px) 100vw, 600px\" \/>\t\t\t\t\t\t\t\t\t\t\t\t<\/div>\n\t\t\t\t\t<\/div>\n<\/div><div class=\"edgtf-gbm-item edgtf-image-block\">\n\t<div class=\"edgtf-gbm-item-inner\" >\n\t\t\t\t\t<div class=\"edgtf-gbm-image\">\n\t\t\t\t\t\t\t\t\t\t\t\t\t\t<img loading=\"lazy\" decoding=\"async\" width=\"600\" height=\"899\" src=\"https:\/\/masbanatawaida.com\/wp-content\/uploads\/2018\/10\/MASBANAT-AWAIDA-ABOUT-BLOCKS3B.jpg\" class=\"attachment-full size-full\" alt=\"\" srcset=\"https:\/\/masbanatawaida.com\/wp-content\/uploads\/2018\/10\/MASBANAT-AWAIDA-ABOUT-BLOCKS3B.jpg 600w, https:\/\/masbanatawaida.com\/wp-content\/uploads\/2018\/10\/MASBANAT-AWAIDA-ABOUT-BLOCKS3B-200x300.jpg 200w\" sizes=\"auto, (max-width: 600px) 100vw, 600px\" \/>\t\t\t\t\t\t\t\t\t\t\t\t<\/div>\n\t\t\t\t\t<\/div>\n<\/div>\t<\/div>\n<\/div>[\/vc_column][vc_column][vc_row_inner][vc_column_inner width=\u00a0\u00bb1\/3&Prime; offset=\u00a0\u00bbvc_col-lg-4 vc_col-md-4 vc_col-xs-4&Prime;][vc_single_image image=\u00a0\u00bb7780&Prime; img_size=\u00a0\u00bbfull\u00a0\u00bb][\/vc_column_inner][vc_column_inner width=\u00a0\u00bb1\/3&Prime; offset=\u00a0\u00bbvc_col-lg-4 vc_col-md-4 vc_col-xs-4&Prime;][vc_single_image image=\u00a0\u00bb7781&Prime; img_size=\u00a0\u00bbfull\u00a0\u00bb][\/vc_column_inner][vc_column_inner width=\u00a0\u00bb1\/3&Prime; offset=\u00a0\u00bbvc_col-lg-4 vc_col-md-4 vc_col-xs-4&Prime;][vc_single_image image=\u00a0\u00bb7782&Prime; img_size=\u00a0\u00bbfull\u00a0\u00bb][\/vc_column_inner][\/vc_row_inner][\/vc_column][\/vc_row][vc_row content_width=\u00a0\u00bbgrid\u00a0\u00bb css=\u00a0\u00bb.vc_custom_1550622960585{padding-bottom: 40px !important;}\u00a0\u00bb][vc_column][vc_empty_space height=\u00a0\u00bb55&Prime;]<div class=\"edgtf-st\">\n\t<div class=\"edgtf-st-inner\">\n        <div class=\"edgtf-st-title-holder\">\n            <h2 class=\"edgtf-st-title\" >\n                <span>NOTRE MISSION<\/span>\n            <\/h2>\n        <\/div>\n        <div class=\"edgtf-separator-holder clearfix  edgtf-separator-center\">\n\t<div class=\"edgtf-separator\" style=\"margin-top: 20px;margin-bottom: 0px\"><\/div>\n<\/div>\n\t\t<div class=\"edgtf-st-text-holder\" >\n            <span class=\"edgtf-st-text-text\"><span style=\"color: #232a2c;\">Chez Masbanat Awaida, nous mettons \u00e0 profit plus de cent ans d\u2019exp\u00e9rience pour offrir les meilleurs savons naturels faits \u00e0 la main. Nous utilisons les meilleurs ingr\u00e9dients disponibles afin de r\u00e9pondre aux besoins vari\u00e9s de notre client\u00e8le internationale, tout en garantissant une livraison ponctuelle et une qualit\u00e9 optimale. Nous veillons \u00e0 entretenir des relations durables avec tous nos partenaires, fond\u00e9es sur l\u2019int\u00e9grit\u00e9, la confiance et le respect. <\/span><\/span>\n\t\t<\/div>\n\t<\/div>\n<\/div>[\/vc_column][\/vc_row][vc_row content_width=\u00a0\u00bbgrid\u00a0\u00bb css=\u00a0\u00bb.vc_custom_1541768663745{padding-bottom: 50px !important;}\u00a0\u00bb][vc_column width=\u00a0\u00bb1\/4&Prime;]<div class=\"edgtf-iwt clearfix edgtf-iwt-icon-top edgtf-iwt-icon-medium\">\n    <div class=\"edgtf-iwt-icon-holder\">\n                    <img loading=\"lazy\" decoding=\"async\" width=\"80\" height=\"80\" src=\"https:\/\/masbanatawaida.com\/wp-content\/uploads\/2018\/11\/MASBANAT-AWAIDA-VALUES-ICON-7.png\" class=\"attachment-full size-full\" alt=\"\" \/>            <\/div>\n    <div class=\"edgtf-iwt-content-holder\" >\n        <div class=\"edgtf-iwt-title-holder\">\n            <h5 style=\"color: #000000\">ENGAGEMENT POUR LA QUALIT\u00c9<\/h5>\n        <\/div>\n        <div class=\"edgtf-iwt-text-holder\">\n            <p style=\"color: #000000\">Nous d\u00e9fendons la n\u00e9cessit\u00e9 de fournir des produits de la plus haute qualit\u00e9 et soutenons le concept de la gestion de la qualit\u00e9 totale.<\/p>\n\n                    <\/div>\n    <\/div>\n<\/div>[\/vc_column][vc_column width=\u00a0\u00bb1\/4&Prime;]<div class=\"edgtf-iwt clearfix edgtf-iwt-icon-top edgtf-iwt-icon-medium\">\n    <div class=\"edgtf-iwt-icon-holder\">\n                    <img loading=\"lazy\" decoding=\"async\" width=\"80\" height=\"80\" src=\"https:\/\/masbanatawaida.com\/wp-content\/uploads\/2018\/11\/MASBANAT-AWAIDA-VALUES-ICON-2.png\" class=\"attachment-full size-full\" alt=\"\" \/>            <\/div>\n    <div class=\"edgtf-iwt-content-holder\" >\n        <div class=\"edgtf-iwt-title-holder\">\n            <h5 style=\"color: #000000\">\u00c9THIQUE ET INT\u00c9GRIT\u00c9<\/h5>\n        <\/div>\n        <div class=\"edgtf-iwt-text-holder\">\n            <p style=\"color: #000000\">Nous respectons les normes \u00e9thiques et morales les plus \u00e9lev\u00e9es dans nos relations avec les clients, les fournisseurs et entre nous. Pour nous, l\u2019int\u00e9grit\u00e9 et la transparence sont les moteurs du succ\u00e8s.<\/p>\n\n                    <\/div>\n    <\/div>\n<\/div>[\/vc_column][vc_column width=\u00a0\u00bb1\/4&Prime;]<div class=\"edgtf-iwt clearfix edgtf-iwt-icon-top edgtf-iwt-icon-medium\">\n    <div class=\"edgtf-iwt-icon-holder\">\n                    <img loading=\"lazy\" decoding=\"async\" width=\"80\" height=\"80\" src=\"https:\/\/masbanatawaida.com\/wp-content\/uploads\/2018\/11\/MASBANAT-AWAIDA-VALUES-ICON-4.png\" class=\"attachment-full size-full\" alt=\"\" \/>            <\/div>\n    <div class=\"edgtf-iwt-content-holder\" >\n        <div class=\"edgtf-iwt-title-holder\">\n            <h5 style=\"color: #000000\">RESPECT<\/h5>\n        <\/div>\n        <div class=\"edgtf-iwt-text-holder\">\n            <p style=\"color: #000000\">Nous croyons que les clients constituent le fondement de toute entreprise prosp\u00e8re. Notre respect pour nos clients est essentiel pour la performance, la passion au travail, et la diversit\u00e9 des styles, comp\u00e9tences et perspectives.<\/p>\n\n                    <\/div>\n    <\/div>\n<\/div>[\/vc_column][vc_column width=\u00a0\u00bb1\/4&Prime;]<div class=\"edgtf-iwt clearfix edgtf-iwt-icon-top edgtf-iwt-icon-medium\">\n    <div class=\"edgtf-iwt-icon-holder\">\n                    <img loading=\"lazy\" decoding=\"async\" width=\"80\" height=\"80\" src=\"https:\/\/masbanatawaida.com\/wp-content\/uploads\/2018\/11\/MASBANAT-AWAIDA-VALUES-ICON-5.png\" class=\"attachment-full size-full\" alt=\"\" \/>            <\/div>\n    <div class=\"edgtf-iwt-content-holder\" >\n        <div class=\"edgtf-iwt-title-holder\">\n            <h5 style=\"color: #000000\">INNOVATION<\/h5>\n        <\/div>\n        <div class=\"edgtf-iwt-text-holder\">\n            <p style=\"color: #000000\">Nous consid\u00e9rons l\u2019innovation comme un mode de vie et la pratiquons comme une discipline, capable de r\u00e9pondre \u00e0 vos attentes et de les d\u00e9passer.<\/p>\n\n                    <\/div>\n    <\/div>\n<\/div>[\/vc_column][\/vc_row][vc_row row_type=\u00a0\u00bbparallax\u00a0\u00bb content_width=\u00a0\u00bbgrid\u00a0\u00bb full_screen_section_height=\u00a0\u00bbno\u00a0\u00bb parallax_background_image=\u00a0\u00bb4203&Prime; parallax_speed=\u00a0\u00bb0.4&Prime;][vc_column width=\u00a0\u00bb1\/2&Prime;]<div class=\"edgtf-elements-holder edgtf-responsive-mode-768\" ><div class=\"edgtf-elements-holder-item \"  >\n\t<div class=\"edgtf-elements-holder-item-inner\">\n\t\t<div class=\"edgtf-elements-holder-item-content edgtf-elements-holder-custom-744154\" style=\"padding: 13% 0% 19% 0%\">\n\t\t\t\t\t\t[vc_column_text]<\/p>\n<h3><span style=\"color: #ffffff;\">NOS PRODUITS<\/span><\/h3>\n<p>[\/vc_column_text][vc_empty_space height=\u00a0\u00bb21&Prime;][vc_column_text]Au fil des ann\u00e9es, notre gamme de produits s\u2019est \u00e9largie pour inclure de nombreux types de savons naturels faits \u00e0 la main, afin de satisfaire tous les go\u00fbts. L\u2019effet sup\u00e9rieur de nos savons \u00e0 base d\u2019huile d\u2019olive vierge, de nos huiles de massage et de leurs ar\u00f4mes uniques fait toute la diff\u00e9rence. De plus, notre touche artistique faite \u00e0 la main et nos designs cr\u00e9atifs nous conf\u00e8rent une identit\u00e9 unique.<\/p>\n<p>Parmi nos innombrables types et parfums de savons \u00e0 base d\u2019huile d\u2019olive, nous avons s\u00e9lectionn\u00e9 les plus uniques : Menthe, Rose Violette, Jasmin Ambre, Musc, Camomille, Orange, Th\u00e9 Vert, Lavande Florale, Laurier, Miel et Bl\u00e9, Nigelle, Transparent (fraise-printemps fujer-melon sucr\u00e9), transparent avec luffa, rose d\u00e9coup\u00e9e \u00e0 la main, boules parfum\u00e9es au miel, et huiles de massage avec diff\u00e9rentes huiles essentielles.<\/p>\n<p>De plus, des cadeaux de savon cr\u00e9atifs sur commande, des paniers et des savons artistiques sculpt\u00e9s \u00e0 la main ont \u00e9t\u00e9 ajout\u00e9s \u00e0 notre ligne de production ces derni\u00e8res ann\u00e9es.[\/vc_column_text][vc_empty_space height=\u00a0\u00bb21&Prime;]<a href=\"https:\/\/www.masbanatawaida.com\/shop\/\" target=\"_self\" style=\"color: #ffffff;border-color: #ffffff\" class=\"edgtf-btn edgtf-btn-medium edgtf-btn-outline edgtf-btn-custom-hover-bg edgtf-btn-custom-border-hover edgtf-btn-custom-hover-color\" data-hover-bg-color=\"#ffffff\" data-hover-color=\"#000000\" data-hover-border-color=\"#ffffff\" >\n   \t   \t\t<span class=\"edgtf-button-background edgtf-before\"><\/span>\n   \t\t<span class=\"edgtf-button-background edgtf-after\"><\/span>\n   \t        \t<span class=\"edgtf-btn-text\">D\u00c9COUVRIR NOS PRODUITS<\/span>\n        <\/a>\t\t<\/div>\n\t<\/div>\n<\/div><\/div>[\/vc_column][vc_column width=\u00a0\u00bb1\/2&Prime;][\/vc_column][\/vc_row][vc_row row_type=\u00a0\u00bbparallax\u00a0\u00bb content_width=\u00a0\u00bbgrid\u00a0\u00bb full_screen_section_height=\u00a0\u00bbno\u00a0\u00bb parallax_background_image=\u00a0\u00bb4008&Prime; parallax_speed=\u00a0\u00bb0.4&Prime;][vc_column width=\u00a0\u00bb1\/2&Prime;]<div class=\"edgtf-elements-holder edgtf-responsive-mode-768\" ><div class=\"edgtf-elements-holder-item \"  >\n\t<div class=\"edgtf-elements-holder-item-inner\">\n\t\t<div class=\"edgtf-elements-holder-item-content edgtf-elements-holder-custom-665832\" style=\"padding: 13% 0% 19% 0%\">\n\t\t\t\t\t\t[vc_column_text]<\/p>\n<h3><strong>R\u00c9PARTITION G\u00c9OGRAPHIQUE<\/strong><\/h3>\n<p>[\/vc_column_text][vc_empty_space height=\u00a0\u00bb21&Prime;][vc_column_text]<strong><span style=\"color: #000000;\">Notre r\u00e9putation en tant qu\u2019entreprise ancienne et sp\u00e9cialis\u00e9e a port\u00e9 ses fruits lorsque diverses entreprises de diff\u00e9rents pays \u00e0 travers le monde ont commenc\u00e9 \u00e0 nous contacter. Notre engagement et notre d\u00e9vouement ont alors \u00e9t\u00e9 essentiels pour maintenir ces relations \u00e0 long terme. Aujourd\u2019hui, nous faisons affaire avec plus de 6 partenaires dans plus de 5 pays \u00e0 travers le monde, tels que la Jordanie, Duba\u00ef, Oman, Londres, la Russie et bien d\u2019autres.<\/span><\/strong>[\/vc_column_text][vc_empty_space height=\u00a0\u00bb21&Prime;]<a href=\"https:\/\/masbanatawaida.com\/contact\/\" target=\"_self\" style=\"color: #000000;border-color: #000000\" class=\"edgtf-btn edgtf-btn-medium edgtf-btn-outline edgtf-btn-custom-hover-bg edgtf-btn-custom-border-hover edgtf-btn-custom-hover-color\" data-hover-bg-color=\"#000000\" data-hover-color=\"#ffffff\" data-hover-border-color=\"#000000\" >\n   \t   \t\t<span class=\"edgtf-button-background edgtf-before\"><\/span>\n   \t\t<span class=\"edgtf-button-background edgtf-after\"><\/span>\n   \t        \t<span class=\"edgtf-btn-text\">DEVENIR PARTENAIRE<\/span>\n        <\/a>\t\t<\/div>\n\t<\/div>\n<\/div><\/div>[\/vc_column][vc_column width=\u00a0\u00bb1\/2&Prime;][\/vc_column][\/vc_row]<\/p>\n<\/div>","protected":false},"excerpt":{"rendered":"<p>[vc_row content_width=\u00a0\u00bbgrid\u00a0\u00bb css=\u00a0\u00bb.vc_custom_1772215785748{padding-top: 80px !important;}\u00a0\u00bb][vc_column][vc_empty_space height=\u00a0\u00bb21&Prime;][\/vc_column][\/vc_row][vc_row content_width=\u00a0\u00bbgrid\u00a0\u00bb css=\u00a0\u00bb.vc_custom_1456322843587{padding-top: 100px !important;}\u00a0\u00bb][vc_column offset=\u00a0\u00bbvc_hidden-lg vc_hidden-md vc_hidden-sm vc_hidden-xs\u00a0\u00bb][\/vc_column][vc_column][vc_row_inner][vc_column_inner width=\u00a0\u00bb1\/3&Prime; offset=\u00a0\u00bbvc_col-lg-4 vc_col-md-4 vc_col-xs-4&Prime;][vc_single_image image=\u00a0\u00bb7780&Prime; img_size=\u00a0\u00bbfull\u00a0\u00bb][\/vc_column_inner][vc_column_inner width=\u00a0\u00bb1\/3&Prime; offset=\u00a0\u00bbvc_col-lg-4 vc_col-md-4 vc_col-xs-4&Prime;][vc_single_image image=\u00a0\u00bb7781&Prime; img_size=\u00a0\u00bbfull\u00a0\u00bb][\/vc_column_inner][vc_column_inner width=\u00a0\u00bb1\/3&Prime; offset=\u00a0\u00bbvc_col-lg-4 vc_col-md-4 vc_col-xs-4&Prime;][vc_single_image image=\u00a0\u00bb7782&Prime; img_size=\u00a0\u00bbfull\u00a0\u00bb][\/vc_column_inner][\/vc_row_inner][\/vc_column][\/vc_row][vc_row content_width=\u00a0\u00bbgrid\u00a0\u00bb css=\u00a0\u00bb.vc_custom_1550622960585{padding-bottom: 40px !important;}\u00a0\u00bb][vc_column][vc_empty_space height=\u00a0\u00bb55&Prime;][\/vc_column][\/vc_row][vc_row content_width=\u00a0\u00bbgrid\u00a0\u00bb css=\u00a0\u00bb.vc_custom_1541768663745{padding-bottom: 50px !important;}\u00a0\u00bb][vc_column width=\u00a0\u00bb1\/4&Prime;][\/vc_column][vc_column width=\u00a0\u00bb1\/4&Prime;][\/vc_column][vc_column width=\u00a0\u00bb1\/4&Prime;][\/vc_column][vc_column width=\u00a0\u00bb1\/4&Prime;][\/vc_column][\/vc_row][vc_row [&hellip;]<\/p>\n","protected":false},"author":1,"featured_media":0,"parent":0,"menu_order":0,"comment_status":"closed","ping_status":"closed","template":"full-width.php","meta":{"footnotes":""},"class_list":["post-7817","page","type-page","status-publish","hentry"],"yoast_head":"<!-- This site is optimized with the Yoast SEO plugin v27.3 - https:\/\/yoast.com\/product\/yoast-seo-wordpress\/ -->\n<title>\u00c0 PROPOS - Masbanat Awaida<\/title>\n<meta name=\"description\" content=\"D\u00e9couvrez Masbanat Awaida, la c\u00e9l\u00e8bre savonnerie artisanale historique du Liban. Explorez nos 140 ans d\u2019histoire, notre mission, nos valeurs et nos savons naturels \u00e0 l\u2019huile d\u2019olive.\" \/>\n<meta name=\"robots\" content=\"index, follow, max-snippet:-1, max-image-preview:large, max-video-preview:-1\" \/>\n<link rel=\"canonical\" href=\"https:\/\/masbanatawaida.com\/fr\/a-propos\/\" \/>\n<meta property=\"og:locale\" content=\"fr_FR\" \/>\n<meta property=\"og:type\" content=\"article\" \/>\n<meta property=\"og:title\" content=\"\u00c0 PROPOS - Masbanat Awaida\" \/>\n<meta property=\"og:description\" content=\"D\u00e9couvrez Masbanat Awaida, la c\u00e9l\u00e8bre savonnerie artisanale historique du Liban. Explorez nos 140 ans d\u2019histoire, notre mission, nos valeurs et nos savons naturels \u00e0 l\u2019huile d\u2019olive.\" \/>\n<meta property=\"og:url\" content=\"https:\/\/masbanatawaida.com\/fr\/a-propos\/\" \/>\n<meta property=\"og:site_name\" content=\"Masbanat Awaida\" \/>\n<meta property=\"article:publisher\" content=\"https:\/\/www.facebook.com\/masbanatawaida\" \/>\n<meta property=\"article:modified_time\" content=\"2026-03-26T13:37:06+00:00\" \/>\n<meta name=\"twitter:card\" content=\"summary_large_image\" \/>\n<meta name=\"twitter:label1\" content=\"Dur\u00e9e de lecture estim\u00e9e\" \/>\n\t<meta name=\"twitter:data1\" content=\"6 minutes\" \/>\n<script type=\"application\/ld+json\" class=\"yoast-schema-graph\">{\"@context\":\"https:\\\/\\\/schema.org\",\"@graph\":[{\"@type\":\"WebPage\",\"@id\":\"https:\\\/\\\/masbanatawaida.com\\\/fr\\\/a-propos\\\/\",\"url\":\"https:\\\/\\\/masbanatawaida.com\\\/fr\\\/a-propos\\\/\",\"name\":\"\u00c0 PROPOS - Masbanat Awaida\",\"isPartOf\":{\"@id\":\"https:\\\/\\\/masbanatawaida.com\\\/fr\\\/#website\"},\"datePublished\":\"2016-02-18T14:02:25+00:00\",\"dateModified\":\"2026-03-26T13:37:06+00:00\",\"description\":\"D\u00e9couvrez Masbanat Awaida, la c\u00e9l\u00e8bre savonnerie artisanale historique du Liban. Explorez nos 140 ans d\u2019histoire, notre mission, nos valeurs et nos savons naturels \u00e0 l\u2019huile d\u2019olive.\",\"breadcrumb\":{\"@id\":\"https:\\\/\\\/masbanatawaida.com\\\/fr\\\/a-propos\\\/#breadcrumb\"},\"inLanguage\":\"fr-FR\",\"potentialAction\":[{\"@type\":\"ReadAction\",\"target\":[\"https:\\\/\\\/masbanatawaida.com\\\/fr\\\/a-propos\\\/\"]}]},{\"@type\":\"BreadcrumbList\",\"@id\":\"https:\\\/\\\/masbanatawaida.com\\\/fr\\\/a-propos\\\/#breadcrumb\",\"itemListElement\":[{\"@type\":\"ListItem\",\"position\":1,\"name\":\"Home\",\"item\":\"https:\\\/\\\/masbanatawaida.com\\\/fr\\\/\"},{\"@type\":\"ListItem\",\"position\":2,\"name\":\"\u00c0 PROPOS\"}]},{\"@type\":\"WebSite\",\"@id\":\"https:\\\/\\\/masbanatawaida.com\\\/fr\\\/#website\",\"url\":\"https:\\\/\\\/masbanatawaida.com\\\/fr\\\/\",\"name\":\"Masbanat Awaida\",\"description\":\"since 1880\",\"publisher\":{\"@id\":\"https:\\\/\\\/masbanatawaida.com\\\/fr\\\/#organization\"},\"potentialAction\":[{\"@type\":\"SearchAction\",\"target\":{\"@type\":\"EntryPoint\",\"urlTemplate\":\"https:\\\/\\\/masbanatawaida.com\\\/fr\\\/?s={search_term_string}\"},\"query-input\":{\"@type\":\"PropertyValueSpecification\",\"valueRequired\":true,\"valueName\":\"search_term_string\"}}],\"inLanguage\":\"fr-FR\"},{\"@type\":\"Organization\",\"@id\":\"https:\\\/\\\/masbanatawaida.com\\\/fr\\\/#organization\",\"name\":\"Masbanat Awaida\",\"url\":\"https:\\\/\\\/masbanatawaida.com\\\/fr\\\/\",\"logo\":{\"@type\":\"ImageObject\",\"inLanguage\":\"fr-FR\",\"@id\":\"https:\\\/\\\/masbanatawaida.com\\\/fr\\\/#\\\/schema\\\/logo\\\/image\\\/\",\"url\":\"https:\\\/\\\/masbanatawaida.com\\\/wp-content\\\/uploads\\\/2019\\\/03\\\/MASBANAT-AWAIDA-LOGO-512x512.png\",\"contentUrl\":\"https:\\\/\\\/masbanatawaida.com\\\/wp-content\\\/uploads\\\/2019\\\/03\\\/MASBANAT-AWAIDA-LOGO-512x512.png\",\"width\":512,\"height\":512,\"caption\":\"Masbanat Awaida\"},\"image\":{\"@id\":\"https:\\\/\\\/masbanatawaida.com\\\/fr\\\/#\\\/schema\\\/logo\\\/image\\\/\"},\"sameAs\":[\"https:\\\/\\\/www.facebook.com\\\/masbanatawaida\",\"https:\\\/\\\/www.instagram.com\\\/masbanat_awaida\\\/\"]}]}<\/script>\n<!-- \/ Yoast SEO plugin. -->","yoast_head_json":{"title":"\u00c0 PROPOS - Masbanat Awaida","description":"D\u00e9couvrez Masbanat Awaida, la c\u00e9l\u00e8bre savonnerie artisanale historique du Liban. Explorez nos 140 ans d\u2019histoire, notre mission, nos valeurs et nos savons naturels \u00e0 l\u2019huile d\u2019olive.","robots":{"index":"index","follow":"follow","max-snippet":"max-snippet:-1","max-image-preview":"max-image-preview:large","max-video-preview":"max-video-preview:-1"},"canonical":"https:\/\/masbanatawaida.com\/fr\/a-propos\/","og_locale":"fr_FR","og_type":"article","og_title":"\u00c0 PROPOS - Masbanat Awaida","og_description":"D\u00e9couvrez Masbanat Awaida, la c\u00e9l\u00e8bre savonnerie artisanale historique du Liban. Explorez nos 140 ans d\u2019histoire, notre mission, nos valeurs et nos savons naturels \u00e0 l\u2019huile d\u2019olive.","og_url":"https:\/\/masbanatawaida.com\/fr\/a-propos\/","og_site_name":"Masbanat Awaida","article_publisher":"https:\/\/www.facebook.com\/masbanatawaida","article_modified_time":"2026-03-26T13:37:06+00:00","twitter_card":"summary_large_image","twitter_misc":{"Dur\u00e9e de lecture estim\u00e9e":"6 minutes"},"schema":{"@context":"https:\/\/schema.org","@graph":[{"@type":"WebPage","@id":"https:\/\/masbanatawaida.com\/fr\/a-propos\/","url":"https:\/\/masbanatawaida.com\/fr\/a-propos\/","name":"\u00c0 PROPOS - Masbanat Awaida","isPartOf":{"@id":"https:\/\/masbanatawaida.com\/fr\/#website"},"datePublished":"2016-02-18T14:02:25+00:00","dateModified":"2026-03-26T13:37:06+00:00","description":"D\u00e9couvrez Masbanat Awaida, la c\u00e9l\u00e8bre savonnerie artisanale historique du Liban. Explorez nos 140 ans d\u2019histoire, notre mission, nos valeurs et nos savons naturels \u00e0 l\u2019huile d\u2019olive.","breadcrumb":{"@id":"https:\/\/masbanatawaida.com\/fr\/a-propos\/#breadcrumb"},"inLanguage":"fr-FR","potentialAction":[{"@type":"ReadAction","target":["https:\/\/masbanatawaida.com\/fr\/a-propos\/"]}]},{"@type":"BreadcrumbList","@id":"https:\/\/masbanatawaida.com\/fr\/a-propos\/#breadcrumb","itemListElement":[{"@type":"ListItem","position":1,"name":"Home","item":"https:\/\/masbanatawaida.com\/fr\/"},{"@type":"ListItem","position":2,"name":"\u00c0 PROPOS"}]},{"@type":"WebSite","@id":"https:\/\/masbanatawaida.com\/fr\/#website","url":"https:\/\/masbanatawaida.com\/fr\/","name":"Masbanat Awaida","description":"since 1880","publisher":{"@id":"https:\/\/masbanatawaida.com\/fr\/#organization"},"potentialAction":[{"@type":"SearchAction","target":{"@type":"EntryPoint","urlTemplate":"https:\/\/masbanatawaida.com\/fr\/?s={search_term_string}"},"query-input":{"@type":"PropertyValueSpecification","valueRequired":true,"valueName":"search_term_string"}}],"inLanguage":"fr-FR"},{"@type":"Organization","@id":"https:\/\/masbanatawaida.com\/fr\/#organization","name":"Masbanat Awaida","url":"https:\/\/masbanatawaida.com\/fr\/","logo":{"@type":"ImageObject","inLanguage":"fr-FR","@id":"https:\/\/masbanatawaida.com\/fr\/#\/schema\/logo\/image\/","url":"https:\/\/masbanatawaida.com\/wp-content\/uploads\/2019\/03\/MASBANAT-AWAIDA-LOGO-512x512.png","contentUrl":"https:\/\/masbanatawaida.com\/wp-content\/uploads\/2019\/03\/MASBANAT-AWAIDA-LOGO-512x512.png","width":512,"height":512,"caption":"Masbanat Awaida"},"image":{"@id":"https:\/\/masbanatawaida.com\/fr\/#\/schema\/logo\/image\/"},"sameAs":["https:\/\/www.facebook.com\/masbanatawaida","https:\/\/www.instagram.com\/masbanat_awaida\/"]}]}},"_links":{"self":[{"href":"https:\/\/masbanatawaida.com\/fr\/wp-json\/wp\/v2\/pages\/7817","targetHints":{"allow":["GET"]}}],"collection":[{"href":"https:\/\/masbanatawaida.com\/fr\/wp-json\/wp\/v2\/pages"}],"about":[{"href":"https:\/\/masbanatawaida.com\/fr\/wp-json\/wp\/v2\/types\/page"}],"author":[{"embeddable":true,"href":"https:\/\/masbanatawaida.com\/fr\/wp-json\/wp\/v2\/users\/1"}],"replies":[{"embeddable":true,"href":"https:\/\/masbanatawaida.com\/fr\/wp-json\/wp\/v2\/comments?post=7817"}],"version-history":[{"count":12,"href":"https:\/\/masbanatawaida.com\/fr\/wp-json\/wp\/v2\/pages\/7817\/revisions"}],"predecessor-version":[{"id":8920,"href":"https:\/\/masbanatawaida.com\/fr\/wp-json\/wp\/v2\/pages\/7817\/revisions\/8920"}],"wp:attachment":[{"href":"https:\/\/masbanatawaida.com\/fr\/wp-json\/wp\/v2\/media?parent=7817"}],"curies":[{"name":"wp","href":"https:\/\/api.w.org\/{rel}","templated":true}]}}