{"id":8689,"date":"2018-09-27T18:24:09","date_gmt":"2018-09-27T18:24:09","guid":{"rendered":"https:\/\/masbanatawaida.com\/politique-de-confidentialite\/"},"modified":"2026-02-27T19:20:07","modified_gmt":"2026-02-27T19:20:07","slug":"politique-de-confidentialite","status":"publish","type":"page","link":"https:\/\/masbanatawaida.com\/fr\/politique-de-confidentialite\/","title":{"rendered":"POLITIQUE DE CONFIDENTIALIT\u00c9"},"content":{"rendered":"<div class=\"wpb-content-wrapper\"><p>[vc_row css=\u00a0\u00bb.vc_custom_1772213555714{padding-top: 80px !important;padding-bottom: 80px !important;}\u00a0\u00bb][vc_column][vc_column_text css=\u00a0\u00bb\u00a0\u00bb]<span style=\"color: #000000;\"><em>Derni\u00e8re mise \u00e0 jour : f\u00e9vrier 2026<\/em><\/span><\/p>\n<p><span style=\"color: #000000;\"><strong>Sur <a style=\"color: #000000;\" href=\"http:\/\/www.masbanatawaida.com\">www.masbanatawaida.com<\/a>, votre vie priv\u00e9e est importante pour nous. Cette politique de confidentialit\u00e9 explique comment nous collectons, utilisons et prot\u00e9geons vos informations personnelles. <\/strong><\/span><\/p>\n<p>&nbsp;<\/p>\n<h3><span style=\"color: #000000;\">1. Collecte d\u2019informations<\/span><\/h3>\n<ul>\n<li><span style=\"color: #000000;\">Nous recueillons les informations que vous fournissez lors de la passation de commandes, de l\u2019inscription, de l\u2019abonnement ou de la prise de contact avec nous.<\/span><\/li>\n<li><span style=\"color: #000000;\">Les informations peuvent inclure le nom, l\u2019e-mail, l\u2019adresse de livraison, les informations de paiement et l\u2019historique des commandes.<\/span><\/li>\n<\/ul>\n<p>&nbsp;<\/p>\n<h3><span style=\"color: #000000;\">2. Utilisation des informations<\/span><\/h3>\n<ul>\n<li><span style=\"color: #000000;\">Pour traiter et ex\u00e9cuter les commandes<\/span><\/li>\n<li><span style=\"color: #000000;\">Pour communiquer concernant votre commande ou votre compte<\/span><\/li>\n<li><span style=\"color: #000000;\">Pour fournir un support client<\/span><\/li>\n<li><span style=\"color: #000000;\">Pour am\u00e9liorer notre site Web, nos produits et nos services<\/span><\/li>\n<li><span style=\"color: #000000;\">Pour se conformer aux obligations l\u00e9gales<\/span><\/li>\n<\/ul>\n<p>&nbsp;<\/p>\n<h3><span style=\"color: #000000;\">3. Partage des informations<\/span><\/h3>\n<ul>\n<li><span style=\"color: #000000;\">Nous ne vendons, n\u2019\u00e9changeons et ne louons pas vos informations personnelles \u00e0 des tiers.<\/span><\/li>\n<li><span style=\"color: #000000;\">Les informations peuvent \u00eatre partag\u00e9es avec des partenaires de confiance pour le traitement des commandes, le paiement et la livraison.<\/span><\/li>\n<\/ul>\n<p>&nbsp;<\/p>\n<h3><span style=\"color: #000000;\">4. S\u00e9curit\u00e9<\/span><\/h3>\n<ul>\n<li><span style=\"color: #000000;\">Nous mettons en \u0153uvre des mesures techniques et organisationnelles appropri\u00e9es pour prot\u00e9ger les informations personnelles contre tout acc\u00e8s, divulgation, modification ou destruction non autoris\u00e9s.<\/span><\/li>\n<\/ul>\n<p>&nbsp;<\/p>\n<h3><span style=\"color: #000000;\">5. Cookies et suivi<\/span><\/h3>\n<ul>\n<li><span style=\"color: #000000;\">Notre site Web peut utiliser des cookies pour am\u00e9liorer votre exp\u00e9rience, analyser le trafic et fournir du contenu personnalis\u00e9.<\/span><\/li>\n<li><span style=\"color: #000000;\">Vous pouvez ajuster les param\u00e8tres de votre navigateur pour refuser les cookies ; toutefois, certaines fonctionnalit\u00e9s peuvent ne pas fonctionner correctement.<\/span><\/li>\n<\/ul>\n<p>&nbsp;<\/p>\n<h3><span style=\"color: #000000;\">6. Liens tiers<\/span><\/h3>\n<ul>\n<li><span style=\"color: #000000;\">Notre site peut contenir des liens vers des sites Web tiers. Nous ne sommes pas responsables de leurs pratiques en mati\u00e8re de confidentialit\u00e9. <\/span><\/li>\n<\/ul>\n<p>&nbsp;<\/p>\n<h3><span style=\"color: #000000;\">7. Vos droits<\/span><\/h3>\n<ul>\n<li><span style=\"color: #000000;\">Vous pouvez demander l\u2019acc\u00e8s, la correction ou la suppression de vos informations personnelles en contactant <a style=\"color: #000000;\" href=\"mailto:info@masbanatawaida.com\">info@masbanatawaida.com<\/a>.<\/span><\/li>\n<\/ul>\n<p>&nbsp;<\/p>\n<h3><span style=\"color: #000000;\">8. Mise \u00e0 jour de la politique<\/span><\/h3>\n<ul>\n<li><span style=\"color: #000000;\">Nous nous r\u00e9servons le droit de mettre \u00e0 jour cette politique de confidentialit\u00e9. Les modifications seront publi\u00e9es sur cette page avec une date de r\u00e9vision mise \u00e0 jour. <\/span><\/li>\n<\/ul>\n<p>[\/vc_column_text][\/vc_column][\/vc_row]<\/p>\n<\/div>","protected":false},"excerpt":{"rendered":"<p>[vc_row css=\u00a0\u00bb.vc_custom_1772213555714{padding-top: 80px !important;padding-bottom: 80px !important;}\u00a0\u00bb][vc_column][vc_column_text css=\u00a0\u00bb\u00a0\u00bb]Derni\u00e8re mise \u00e0 jour : f\u00e9vrier 2026 Sur www.masbanatawaida.com, votre vie priv\u00e9e est importante pour nous. Cette politique de confidentialit\u00e9 explique comment nous collectons, utilisons et prot\u00e9geons vos informations personnelles. &nbsp; 1. Collecte d\u2019informations Nous recueillons les informations que [&hellip;]<\/p>\n","protected":false},"author":1,"featured_media":0,"parent":0,"menu_order":0,"comment_status":"closed","ping_status":"closed","template":"","meta":{"footnotes":""},"class_list":["post-8689","page","type-page","status-publish","hentry"],"yoast_head":"<!-- This site is optimized with the Yoast SEO plugin v27.3 - https:\/\/yoast.com\/product\/yoast-seo-wordpress\/ -->\n<title>POLITIQUE DE CONFIDENTIALIT\u00c9 - Masbanat Awaida<\/title>\n<meta name=\"description\" content=\"Lisez la politique de confidentialit\u00e9 de Masbanat Awaida pour savoir comment nous collectons, utilisons, stockons et prot\u00e9geons vos donn\u00e9es personnelles lors de l\u2019utilisation de notre site Web.\" \/>\n<meta name=\"robots\" content=\"index, follow, max-snippet:-1, max-image-preview:large, max-video-preview:-1\" \/>\n<link rel=\"canonical\" href=\"https:\/\/masbanatawaida.com\/fr\/politique-de-confidentialite\/\" \/>\n<meta property=\"og:locale\" content=\"fr_FR\" \/>\n<meta property=\"og:type\" content=\"article\" \/>\n<meta property=\"og:title\" content=\"POLITIQUE DE CONFIDENTIALIT\u00c9 - Masbanat Awaida\" \/>\n<meta property=\"og:description\" content=\"Lisez la politique de confidentialit\u00e9 de Masbanat Awaida pour savoir comment nous collectons, utilisons, stockons et prot\u00e9geons vos donn\u00e9es personnelles lors de l\u2019utilisation de notre site Web.\" \/>\n<meta property=\"og:url\" content=\"https:\/\/masbanatawaida.com\/fr\/politique-de-confidentialite\/\" \/>\n<meta property=\"og:site_name\" content=\"Masbanat Awaida\" \/>\n<meta property=\"article:publisher\" content=\"https:\/\/www.facebook.com\/masbanatawaida\" \/>\n<meta property=\"article:modified_time\" content=\"2026-02-27T19:20:07+00:00\" \/>\n<meta name=\"twitter:card\" content=\"summary_large_image\" \/>\n<meta name=\"twitter:label1\" content=\"Dur\u00e9e de lecture estim\u00e9e\" \/>\n\t<meta name=\"twitter:data1\" content=\"2 minutes\" \/>\n<script type=\"application\/ld+json\" class=\"yoast-schema-graph\">{\"@context\":\"https:\\\/\\\/schema.org\",\"@graph\":[{\"@type\":\"WebPage\",\"@id\":\"https:\\\/\\\/masbanatawaida.com\\\/fr\\\/politique-de-confidentialite\\\/\",\"url\":\"https:\\\/\\\/masbanatawaida.com\\\/fr\\\/politique-de-confidentialite\\\/\",\"name\":\"POLITIQUE DE CONFIDENTIALIT\u00c9 - Masbanat Awaida\",\"isPartOf\":{\"@id\":\"https:\\\/\\\/masbanatawaida.com\\\/fr\\\/#website\"},\"datePublished\":\"2018-09-27T18:24:09+00:00\",\"dateModified\":\"2026-02-27T19:20:07+00:00\",\"description\":\"Lisez la politique de confidentialit\u00e9 de Masbanat Awaida pour savoir comment nous collectons, utilisons, stockons et prot\u00e9geons vos donn\u00e9es personnelles lors de l\u2019utilisation de notre site Web.\",\"breadcrumb\":{\"@id\":\"https:\\\/\\\/masbanatawaida.com\\\/fr\\\/politique-de-confidentialite\\\/#breadcrumb\"},\"inLanguage\":\"fr-FR\",\"potentialAction\":[{\"@type\":\"ReadAction\",\"target\":[\"https:\\\/\\\/masbanatawaida.com\\\/fr\\\/politique-de-confidentialite\\\/\"]}]},{\"@type\":\"BreadcrumbList\",\"@id\":\"https:\\\/\\\/masbanatawaida.com\\\/fr\\\/politique-de-confidentialite\\\/#breadcrumb\",\"itemListElement\":[{\"@type\":\"ListItem\",\"position\":1,\"name\":\"Home\",\"item\":\"https:\\\/\\\/masbanatawaida.com\\\/fr\\\/\"},{\"@type\":\"ListItem\",\"position\":2,\"name\":\"POLITIQUE DE CONFIDENTIALIT\u00c9\"}]},{\"@type\":\"WebSite\",\"@id\":\"https:\\\/\\\/masbanatawaida.com\\\/fr\\\/#website\",\"url\":\"https:\\\/\\\/masbanatawaida.com\\\/fr\\\/\",\"name\":\"Masbanat Awaida\",\"description\":\"since 1880\",\"publisher\":{\"@id\":\"https:\\\/\\\/masbanatawaida.com\\\/fr\\\/#organization\"},\"potentialAction\":[{\"@type\":\"SearchAction\",\"target\":{\"@type\":\"EntryPoint\",\"urlTemplate\":\"https:\\\/\\\/masbanatawaida.com\\\/fr\\\/?s={search_term_string}\"},\"query-input\":{\"@type\":\"PropertyValueSpecification\",\"valueRequired\":true,\"valueName\":\"search_term_string\"}}],\"inLanguage\":\"fr-FR\"},{\"@type\":\"Organization\",\"@id\":\"https:\\\/\\\/masbanatawaida.com\\\/fr\\\/#organization\",\"name\":\"Masbanat Awaida\",\"url\":\"https:\\\/\\\/masbanatawaida.com\\\/fr\\\/\",\"logo\":{\"@type\":\"ImageObject\",\"inLanguage\":\"fr-FR\",\"@id\":\"https:\\\/\\\/masbanatawaida.com\\\/fr\\\/#\\\/schema\\\/logo\\\/image\\\/\",\"url\":\"https:\\\/\\\/masbanatawaida.com\\\/wp-content\\\/uploads\\\/2019\\\/03\\\/MASBANAT-AWAIDA-LOGO-512x512.png\",\"contentUrl\":\"https:\\\/\\\/masbanatawaida.com\\\/wp-content\\\/uploads\\\/2019\\\/03\\\/MASBANAT-AWAIDA-LOGO-512x512.png\",\"width\":512,\"height\":512,\"caption\":\"Masbanat Awaida\"},\"image\":{\"@id\":\"https:\\\/\\\/masbanatawaida.com\\\/fr\\\/#\\\/schema\\\/logo\\\/image\\\/\"},\"sameAs\":[\"https:\\\/\\\/www.facebook.com\\\/masbanatawaida\",\"https:\\\/\\\/www.instagram.com\\\/masbanat_awaida\\\/\"]}]}<\/script>\n<!-- \/ Yoast SEO plugin. -->","yoast_head_json":{"title":"POLITIQUE DE CONFIDENTIALIT\u00c9 - Masbanat Awaida","description":"Lisez la politique de confidentialit\u00e9 de Masbanat Awaida pour savoir comment nous collectons, utilisons, stockons et prot\u00e9geons vos donn\u00e9es personnelles lors de l\u2019utilisation de notre site Web.","robots":{"index":"index","follow":"follow","max-snippet":"max-snippet:-1","max-image-preview":"max-image-preview:large","max-video-preview":"max-video-preview:-1"},"canonical":"https:\/\/masbanatawaida.com\/fr\/politique-de-confidentialite\/","og_locale":"fr_FR","og_type":"article","og_title":"POLITIQUE DE CONFIDENTIALIT\u00c9 - Masbanat Awaida","og_description":"Lisez la politique de confidentialit\u00e9 de Masbanat Awaida pour savoir comment nous collectons, utilisons, stockons et prot\u00e9geons vos donn\u00e9es personnelles lors de l\u2019utilisation de notre site Web.","og_url":"https:\/\/masbanatawaida.com\/fr\/politique-de-confidentialite\/","og_site_name":"Masbanat Awaida","article_publisher":"https:\/\/www.facebook.com\/masbanatawaida","article_modified_time":"2026-02-27T19:20:07+00:00","twitter_card":"summary_large_image","twitter_misc":{"Dur\u00e9e de lecture estim\u00e9e":"2 minutes"},"schema":{"@context":"https:\/\/schema.org","@graph":[{"@type":"WebPage","@id":"https:\/\/masbanatawaida.com\/fr\/politique-de-confidentialite\/","url":"https:\/\/masbanatawaida.com\/fr\/politique-de-confidentialite\/","name":"POLITIQUE DE CONFIDENTIALIT\u00c9 - Masbanat Awaida","isPartOf":{"@id":"https:\/\/masbanatawaida.com\/fr\/#website"},"datePublished":"2018-09-27T18:24:09+00:00","dateModified":"2026-02-27T19:20:07+00:00","description":"Lisez la politique de confidentialit\u00e9 de Masbanat Awaida pour savoir comment nous collectons, utilisons, stockons et prot\u00e9geons vos donn\u00e9es personnelles lors de l\u2019utilisation de notre site Web.","breadcrumb":{"@id":"https:\/\/masbanatawaida.com\/fr\/politique-de-confidentialite\/#breadcrumb"},"inLanguage":"fr-FR","potentialAction":[{"@type":"ReadAction","target":["https:\/\/masbanatawaida.com\/fr\/politique-de-confidentialite\/"]}]},{"@type":"BreadcrumbList","@id":"https:\/\/masbanatawaida.com\/fr\/politique-de-confidentialite\/#breadcrumb","itemListElement":[{"@type":"ListItem","position":1,"name":"Home","item":"https:\/\/masbanatawaida.com\/fr\/"},{"@type":"ListItem","position":2,"name":"POLITIQUE DE CONFIDENTIALIT\u00c9"}]},{"@type":"WebSite","@id":"https:\/\/masbanatawaida.com\/fr\/#website","url":"https:\/\/masbanatawaida.com\/fr\/","name":"Masbanat Awaida","description":"since 1880","publisher":{"@id":"https:\/\/masbanatawaida.com\/fr\/#organization"},"potentialAction":[{"@type":"SearchAction","target":{"@type":"EntryPoint","urlTemplate":"https:\/\/masbanatawaida.com\/fr\/?s={search_term_string}"},"query-input":{"@type":"PropertyValueSpecification","valueRequired":true,"valueName":"search_term_string"}}],"inLanguage":"fr-FR"},{"@type":"Organization","@id":"https:\/\/masbanatawaida.com\/fr\/#organization","name":"Masbanat Awaida","url":"https:\/\/masbanatawaida.com\/fr\/","logo":{"@type":"ImageObject","inLanguage":"fr-FR","@id":"https:\/\/masbanatawaida.com\/fr\/#\/schema\/logo\/image\/","url":"https:\/\/masbanatawaida.com\/wp-content\/uploads\/2019\/03\/MASBANAT-AWAIDA-LOGO-512x512.png","contentUrl":"https:\/\/masbanatawaida.com\/wp-content\/uploads\/2019\/03\/MASBANAT-AWAIDA-LOGO-512x512.png","width":512,"height":512,"caption":"Masbanat Awaida"},"image":{"@id":"https:\/\/masbanatawaida.com\/fr\/#\/schema\/logo\/image\/"},"sameAs":["https:\/\/www.facebook.com\/masbanatawaida","https:\/\/www.instagram.com\/masbanat_awaida\/"]}]}},"_links":{"self":[{"href":"https:\/\/masbanatawaida.com\/fr\/wp-json\/wp\/v2\/pages\/8689","targetHints":{"allow":["GET"]}}],"collection":[{"href":"https:\/\/masbanatawaida.com\/fr\/wp-json\/wp\/v2\/pages"}],"about":[{"href":"https:\/\/masbanatawaida.com\/fr\/wp-json\/wp\/v2\/types\/page"}],"author":[{"embeddable":true,"href":"https:\/\/masbanatawaida.com\/fr\/wp-json\/wp\/v2\/users\/1"}],"replies":[{"embeddable":true,"href":"https:\/\/masbanatawaida.com\/fr\/wp-json\/wp\/v2\/comments?post=8689"}],"version-history":[{"count":5,"href":"https:\/\/masbanatawaida.com\/fr\/wp-json\/wp\/v2\/pages\/8689\/revisions"}],"predecessor-version":[{"id":8761,"href":"https:\/\/masbanatawaida.com\/fr\/wp-json\/wp\/v2\/pages\/8689\/revisions\/8761"}],"wp:attachment":[{"href":"https:\/\/masbanatawaida.com\/fr\/wp-json\/wp\/v2\/media?parent=8689"}],"curies":[{"name":"wp","href":"https:\/\/api.w.org\/{rel}","templated":true}]}}