{"id":8170,"date":"2023-05-10T20:49:47","date_gmt":"2023-05-10T20:49:47","guid":{"rendered":"https:\/\/masbanatawaida.com\/product\/savon-glycerine-avec-luffa-mangue\/"},"modified":"2026-03-24T20:36:38","modified_gmt":"2026-03-24T20:36:38","slug":"savon-glycerine-avec-luffa-mangue","status":"publish","type":"product","link":"https:\/\/masbanatawaida.com\/fr\/produit\/savon-glycerine-avec-luffa-mangue\/","title":{"rendered":"Savon Glycerine avec Luffa \/ Mangue"},"content":{"rendered":"<div class=\"flex flex-col text-sm pb-25\">\n<section class=\"text-token-text-primary w-full focus:outline-none [--shadow-height:45px] has-data-writing-block:pointer-events-none has-data-writing-block:-mt-(--shadow-height) has-data-writing-block:pt-(--shadow-height) [&amp;:has([data-writing-block])&gt;*]:pointer-events-auto scroll-mt-[calc(var(--header-height)+min(200px,max(70px,20svh)))]\" dir=\"auto\" data-turn-id=\"request-WEB:98cec5fe-f6b3-4772-af37-a342e44fd6f1-29\" data-testid=\"conversation-turn-60\" data-scroll-anchor=\"true\" data-turn=\"assistant\">\n<div class=\"text-base my-auto mx-auto pb-10 [--thread-content-margin:var(--thread-content-margin-xs,calc(var(--spacing)*4))] @w-sm\/main:[--thread-content-margin:var(--thread-content-margin-sm,calc(var(--spacing)*6))] @w-lg\/main:[--thread-content-margin:var(--thread-content-margin-lg,calc(var(--spacing)*16))] px-(--thread-content-margin)\">\n<div class=\"[--thread-content-max-width:40rem] @w-lg\/main:[--thread-content-max-width:48rem] mx-auto max-w-(--thread-content-max-width) flex-1 group\/turn-messages focus-visible:outline-hidden relative flex w-full min-w-0 flex-col agent-turn\">\n<div class=\"flex max-w-full flex-col gap-4 grow\">\n<div class=\"min-h-8 text-message relative flex w-full flex-col items-end gap-2 text-start break-words whitespace-normal outline-none keyboard-focused:focus-ring [.text-message+&amp;]:mt-1\" dir=\"auto\" tabindex=\"0\" data-message-author-role=\"assistant\" data-message-id=\"8d35a79c-a17b-498d-b3fb-fd252f1a2995\" data-message-model-slug=\"gpt-5-mini\" data-turn-start-message=\"true\">\n<div class=\"flex w-full flex-col gap-1 empty:hidden\">\n<div class=\"markdown prose dark:prose-invert w-full wrap-break-word light markdown-new-styling\">\n<p data-start=\"74\" data-end=\"467\">Le savon \u00e0 la glyc\u00e9rine avec loofah \/ mangue de Masbanat Awaida est un produit de soin de la peau artisanal qui combine un nettoyage efficace, une exfoliation naturelle et le parfum tropical rafra\u00eechissant de la mangue. Con\u00e7u avec un noyau int\u00e9gr\u00e9 de loofah, ce savon offre une exp\u00e9rience \u00e0 double action qui aide \u00e0 nettoyer la peau tout en \u00e9liminant doucement les cellules mortes, laissant la peau douce, fra\u00eeche et revitalis\u00e9e. <\/p>\n<p data-start=\"469\" data-end=\"886\">Formul\u00e9 avec un m\u00e9lange d\u2019huile de ricin, d\u2019huile de coco, de glyc\u00e9rine, d\u2019acide st\u00e9arique, d\u2019\u00e9thanol et de vitamine E, ce savon procure un soin \u00e9quilibr\u00e9. La glyc\u00e9rine agit comme un puissant humectant, aidant \u00e0 retenir l\u2019humidit\u00e9 et \u00e0 garder la peau hydrat\u00e9e, tandis que les huiles de ricin et de coco contribuent \u00e0 un nettoyage doux mais efficace. La vitamine E soutient la nutrition de la peau et aide \u00e0 maintenir un aspect sain et \u00e9clatant.  <\/p>\n<p data-start=\"888\" data-end=\"1293\">Le loofah naturel int\u00e9gr\u00e9 constitue l\u2019\u00e9l\u00e9ment distinctif de ce savon, offrant une exfoliation douce qui aide \u00e0 d\u00e9boucher les pores et \u00e0 am\u00e9liorer la texture globale de la peau. Une utilisation r\u00e9guli\u00e8re favorise une meilleure circulation sanguine, contribuant \u00e0 une peau plus saine et \u00e9nergis\u00e9e. L\u2019action exfoliante am\u00e9liore \u00e9galement l\u2019absorption des hydratants appliqu\u00e9s ensuite, en faisant un atout pr\u00e9cieux pour toute routine de soins.  <\/p>\n<p data-start=\"1295\" data-end=\"1548\">Infus\u00e9 d\u2019un parfum de mangue vibrant, ce savon procure une exp\u00e9rience aromatique fra\u00eeche et stimulante rappelant les fruits tropicaux. Son parfum ajoute une dimension sensorielle agr\u00e9able \u00e0 votre rituel quotidien de bain, rendant son utilisation \u00e0 la fois rafra\u00eechissante et plaisante. <\/p>\n<p data-start=\"1550\" data-end=\"1802\">Chaque barre est soigneusement confectionn\u00e9e pour garantir durabilit\u00e9, facilit\u00e9 d\u2019utilisation et performance constante. Son design ergonomique permet une manipulation ais\u00e9e, tandis que la structure du loofah assure une exfoliation efficace sans agressivit\u00e9, adapt\u00e9e \u00e0 un usage r\u00e9gulier. <\/p>\n<p data-start=\"1804\" data-end=\"2131\" data-is-last-node=\"\" data-is-only-node=\"\">Le savon \u00e0 la glyc\u00e9rine avec loofah \/ mangue est id\u00e9al pour ceux qui recherchent un savon exfoliant naturel combinant nettoyage, hydratation et parfum rafra\u00eechissant. Il offre une solution de soins compl\u00e8te qui am\u00e9liore la douceur de la peau, favorise la circulation et laisse la peau propre, douce et revitalis\u00e9e apr\u00e8s chaque utilisation. <\/p>\n<\/div>\n<\/div>\n<\/div>\n<\/div>\n<div class=\"z-0 flex min-h-[46px] justify-start\"><\/div>\n<div class=\"mt-3 w-full empty:hidden\">\n<div class=\"text-center\"><\/div>\n<\/div>\n<\/div>\n<\/div>\n<\/section>\n<\/div>\n<div class=\"pointer-events-none h-px w-px absolute bottom-0\" aria-hidden=\"true\" data-edge=\"true\"><\/div>\n","protected":false},"excerpt":{"rendered":"<ul>\n<li><span style=\"color: #000000;\">Ingr\u00e9dients : Huile de Ricin, Huile de Noix de Coco, Glyc\u00e9rine, Acide St\u00e9arique, \u00c9thanol, Vitamine\u202fE, Parfum, Luffa<\/span><\/li>\n<li>Poids : 150\u202fg \u00b15\u202f%<\/li>\n<li>Dimensions : 9,6\u202fcm \u00d7 5,9\u202fcm \u00d7 2,7\u202fcm<\/li>\n<\/ul>\n<p><span style=\"color: #000000;\">Bienfaits : Exfolie doucement la peau \/ Active la circulation sanguine<\/span><\/p>\n","protected":false},"featured_media":8169,"comment_status":"closed","ping_status":"closed","template":"","meta":[],"product_brand":[],"product_cat":[290],"product_tag":[293,294,292,286,291,296,289,295],"class_list":{"0":"post-8170","1":"product","2":"type-product","3":"status-publish","4":"has-post-thumbnail","6":"product_cat-savon-glycerine-avec-luffa","7":"product_tag-acide-stearique","8":"product_tag-ethanol","9":"product_tag-glycerine","10":"product_tag-huile-de-noix-de-coco","11":"product_tag-huile-de-ricin","12":"product_tag-luffa","13":"product_tag-parfum","14":"product_tag-vitamine-e","16":"first","17":"instock","18":"shipping-taxable","19":"purchasable","20":"product-type-simple"},"yoast_head":"<!-- This site is optimized with the Yoast SEO plugin v27.3 - https:\/\/yoast.com\/product\/yoast-seo-wordpress\/ -->\n<title>Savon Glycerine avec Luffa \/ Mangue - Masbanat Awaida<\/title>\n<meta name=\"description\" content=\"Savon Glycerine avec Luffa et parfum rafra\u00eechissant \u00e0 la mangue. Fabriqu\u00e9 \u00e0 la main et doux pour la peau, il exfolie et stimule la circulation sanguine naturellement.\" \/>\n<meta name=\"robots\" content=\"index, follow, max-snippet:-1, max-image-preview:large, max-video-preview:-1\" \/>\n<link rel=\"canonical\" href=\"https:\/\/masbanatawaida.com\/fr\/produit\/savon-glycerine-avec-luffa-mangue\/\" \/>\n<meta property=\"og:locale\" content=\"fr_FR\" \/>\n<meta property=\"og:type\" content=\"article\" \/>\n<meta property=\"og:title\" content=\"Savon Glycerine avec Luffa \/ Mangue - Masbanat Awaida\" \/>\n<meta property=\"og:description\" content=\"Savon Glycerine avec Luffa et parfum rafra\u00eechissant \u00e0 la mangue. Fabriqu\u00e9 \u00e0 la main et doux pour la peau, il exfolie et stimule la circulation sanguine naturellement.\" \/>\n<meta property=\"og:url\" content=\"https:\/\/masbanatawaida.com\/fr\/produit\/savon-glycerine-avec-luffa-mangue\/\" \/>\n<meta property=\"og:site_name\" content=\"Masbanat Awaida\" \/>\n<meta property=\"article:publisher\" content=\"https:\/\/www.facebook.com\/masbanatawaida\" \/>\n<meta property=\"article:modified_time\" content=\"2026-03-24T20:36:38+00:00\" \/>\n<meta property=\"og:image\" content=\"https:\/\/masbanatawaida.com\/wp-content\/uploads\/2023\/05\/big-mango-1-scaled.jpg\" \/>\n\t<meta property=\"og:image:width\" content=\"2560\" \/>\n\t<meta property=\"og:image:height\" content=\"2560\" \/>\n\t<meta property=\"og:image:type\" content=\"image\/jpeg\" \/>\n<meta name=\"twitter:card\" content=\"summary_large_image\" \/>\n<meta name=\"twitter:label1\" content=\"Dur\u00e9e de lecture estim\u00e9e\" \/>\n\t<meta name=\"twitter:data1\" content=\"2 minutes\" \/>\n<script type=\"application\/ld+json\" class=\"yoast-schema-graph\">{\"@context\":\"https:\\\/\\\/schema.org\",\"@graph\":[{\"@type\":\"WebPage\",\"@id\":\"https:\\\/\\\/masbanatawaida.com\\\/fr\\\/produit\\\/savon-glycerine-avec-luffa-mangue\\\/\",\"url\":\"https:\\\/\\\/masbanatawaida.com\\\/fr\\\/produit\\\/savon-glycerine-avec-luffa-mangue\\\/\",\"name\":\"Savon Glycerine avec Luffa \\\/ Mangue - Masbanat Awaida\",\"isPartOf\":{\"@id\":\"https:\\\/\\\/masbanatawaida.com\\\/fr\\\/#website\"},\"primaryImageOfPage\":{\"@id\":\"https:\\\/\\\/masbanatawaida.com\\\/fr\\\/produit\\\/savon-glycerine-avec-luffa-mangue\\\/#primaryimage\"},\"image\":{\"@id\":\"https:\\\/\\\/masbanatawaida.com\\\/fr\\\/produit\\\/savon-glycerine-avec-luffa-mangue\\\/#primaryimage\"},\"thumbnailUrl\":\"https:\\\/\\\/masbanatawaida.com\\\/wp-content\\\/uploads\\\/2023\\\/05\\\/big-mango-1-scaled.jpg\",\"datePublished\":\"2023-05-10T20:49:47+00:00\",\"dateModified\":\"2026-03-24T20:36:38+00:00\",\"description\":\"Savon Glycerine avec Luffa et parfum rafra\u00eechissant \u00e0 la mangue. Fabriqu\u00e9 \u00e0 la main et doux pour la peau, il exfolie et stimule la circulation sanguine naturellement.\",\"breadcrumb\":{\"@id\":\"https:\\\/\\\/masbanatawaida.com\\\/fr\\\/produit\\\/savon-glycerine-avec-luffa-mangue\\\/#breadcrumb\"},\"inLanguage\":\"fr-FR\",\"potentialAction\":[{\"@type\":\"ReadAction\",\"target\":[\"https:\\\/\\\/masbanatawaida.com\\\/fr\\\/produit\\\/savon-glycerine-avec-luffa-mangue\\\/\"]}]},{\"@type\":\"ImageObject\",\"inLanguage\":\"fr-FR\",\"@id\":\"https:\\\/\\\/masbanatawaida.com\\\/fr\\\/produit\\\/savon-glycerine-avec-luffa-mangue\\\/#primaryimage\",\"url\":\"https:\\\/\\\/masbanatawaida.com\\\/wp-content\\\/uploads\\\/2023\\\/05\\\/big-mango-1-scaled.jpg\",\"contentUrl\":\"https:\\\/\\\/masbanatawaida.com\\\/wp-content\\\/uploads\\\/2023\\\/05\\\/big-mango-1-scaled.jpg\",\"width\":2560,\"height\":2560,\"caption\":\"Mohammed_R.\"},{\"@type\":\"BreadcrumbList\",\"@id\":\"https:\\\/\\\/masbanatawaida.com\\\/fr\\\/produit\\\/savon-glycerine-avec-luffa-mangue\\\/#breadcrumb\",\"itemListElement\":[{\"@type\":\"ListItem\",\"position\":1,\"name\":\"Home\",\"item\":\"https:\\\/\\\/masbanatawaida.com\\\/fr\\\/\"},{\"@type\":\"ListItem\",\"position\":2,\"name\":\"BOUTIQUE\",\"item\":\"https:\\\/\\\/masbanatawaida.com\\\/fr\\\/boutique\\\/\"},{\"@type\":\"ListItem\",\"position\":3,\"name\":\"Savon Glycerine avec Luffa \\\/ Mangue\"}]},{\"@type\":\"WebSite\",\"@id\":\"https:\\\/\\\/masbanatawaida.com\\\/fr\\\/#website\",\"url\":\"https:\\\/\\\/masbanatawaida.com\\\/fr\\\/\",\"name\":\"Masbanat Awaida\",\"description\":\"since 1880\",\"publisher\":{\"@id\":\"https:\\\/\\\/masbanatawaida.com\\\/fr\\\/#organization\"},\"potentialAction\":[{\"@type\":\"SearchAction\",\"target\":{\"@type\":\"EntryPoint\",\"urlTemplate\":\"https:\\\/\\\/masbanatawaida.com\\\/fr\\\/?s={search_term_string}\"},\"query-input\":{\"@type\":\"PropertyValueSpecification\",\"valueRequired\":true,\"valueName\":\"search_term_string\"}}],\"inLanguage\":\"fr-FR\"},{\"@type\":\"Organization\",\"@id\":\"https:\\\/\\\/masbanatawaida.com\\\/fr\\\/#organization\",\"name\":\"Masbanat Awaida\",\"url\":\"https:\\\/\\\/masbanatawaida.com\\\/fr\\\/\",\"logo\":{\"@type\":\"ImageObject\",\"inLanguage\":\"fr-FR\",\"@id\":\"https:\\\/\\\/masbanatawaida.com\\\/fr\\\/#\\\/schema\\\/logo\\\/image\\\/\",\"url\":\"https:\\\/\\\/masbanatawaida.com\\\/wp-content\\\/uploads\\\/2019\\\/03\\\/MASBANAT-AWAIDA-LOGO-512x512.png\",\"contentUrl\":\"https:\\\/\\\/masbanatawaida.com\\\/wp-content\\\/uploads\\\/2019\\\/03\\\/MASBANAT-AWAIDA-LOGO-512x512.png\",\"width\":512,\"height\":512,\"caption\":\"Masbanat Awaida\"},\"image\":{\"@id\":\"https:\\\/\\\/masbanatawaida.com\\\/fr\\\/#\\\/schema\\\/logo\\\/image\\\/\"},\"sameAs\":[\"https:\\\/\\\/www.facebook.com\\\/masbanatawaida\",\"https:\\\/\\\/www.instagram.com\\\/masbanat_awaida\\\/\"]}]}<\/script>\n<!-- \/ Yoast SEO plugin. -->","yoast_head_json":{"title":"Savon Glycerine avec Luffa \/ Mangue - Masbanat Awaida","description":"Savon Glycerine avec Luffa et parfum rafra\u00eechissant \u00e0 la mangue. Fabriqu\u00e9 \u00e0 la main et doux pour la peau, il exfolie et stimule la circulation sanguine naturellement.","robots":{"index":"index","follow":"follow","max-snippet":"max-snippet:-1","max-image-preview":"max-image-preview:large","max-video-preview":"max-video-preview:-1"},"canonical":"https:\/\/masbanatawaida.com\/fr\/produit\/savon-glycerine-avec-luffa-mangue\/","og_locale":"fr_FR","og_type":"article","og_title":"Savon Glycerine avec Luffa \/ Mangue - Masbanat Awaida","og_description":"Savon Glycerine avec Luffa et parfum rafra\u00eechissant \u00e0 la mangue. Fabriqu\u00e9 \u00e0 la main et doux pour la peau, il exfolie et stimule la circulation sanguine naturellement.","og_url":"https:\/\/masbanatawaida.com\/fr\/produit\/savon-glycerine-avec-luffa-mangue\/","og_site_name":"Masbanat Awaida","article_publisher":"https:\/\/www.facebook.com\/masbanatawaida","article_modified_time":"2026-03-24T20:36:38+00:00","og_image":[{"width":2560,"height":2560,"url":"https:\/\/masbanatawaida.com\/wp-content\/uploads\/2023\/05\/big-mango-1-scaled.jpg","type":"image\/jpeg"}],"twitter_card":"summary_large_image","twitter_misc":{"Dur\u00e9e de lecture estim\u00e9e":"2 minutes"},"schema":{"@context":"https:\/\/schema.org","@graph":[{"@type":"WebPage","@id":"https:\/\/masbanatawaida.com\/fr\/produit\/savon-glycerine-avec-luffa-mangue\/","url":"https:\/\/masbanatawaida.com\/fr\/produit\/savon-glycerine-avec-luffa-mangue\/","name":"Savon Glycerine avec Luffa \/ Mangue - Masbanat Awaida","isPartOf":{"@id":"https:\/\/masbanatawaida.com\/fr\/#website"},"primaryImageOfPage":{"@id":"https:\/\/masbanatawaida.com\/fr\/produit\/savon-glycerine-avec-luffa-mangue\/#primaryimage"},"image":{"@id":"https:\/\/masbanatawaida.com\/fr\/produit\/savon-glycerine-avec-luffa-mangue\/#primaryimage"},"thumbnailUrl":"https:\/\/masbanatawaida.com\/wp-content\/uploads\/2023\/05\/big-mango-1-scaled.jpg","datePublished":"2023-05-10T20:49:47+00:00","dateModified":"2026-03-24T20:36:38+00:00","description":"Savon Glycerine avec Luffa et parfum rafra\u00eechissant \u00e0 la mangue. Fabriqu\u00e9 \u00e0 la main et doux pour la peau, il exfolie et stimule la circulation sanguine naturellement.","breadcrumb":{"@id":"https:\/\/masbanatawaida.com\/fr\/produit\/savon-glycerine-avec-luffa-mangue\/#breadcrumb"},"inLanguage":"fr-FR","potentialAction":[{"@type":"ReadAction","target":["https:\/\/masbanatawaida.com\/fr\/produit\/savon-glycerine-avec-luffa-mangue\/"]}]},{"@type":"ImageObject","inLanguage":"fr-FR","@id":"https:\/\/masbanatawaida.com\/fr\/produit\/savon-glycerine-avec-luffa-mangue\/#primaryimage","url":"https:\/\/masbanatawaida.com\/wp-content\/uploads\/2023\/05\/big-mango-1-scaled.jpg","contentUrl":"https:\/\/masbanatawaida.com\/wp-content\/uploads\/2023\/05\/big-mango-1-scaled.jpg","width":2560,"height":2560,"caption":"Mohammed_R."},{"@type":"BreadcrumbList","@id":"https:\/\/masbanatawaida.com\/fr\/produit\/savon-glycerine-avec-luffa-mangue\/#breadcrumb","itemListElement":[{"@type":"ListItem","position":1,"name":"Home","item":"https:\/\/masbanatawaida.com\/fr\/"},{"@type":"ListItem","position":2,"name":"BOUTIQUE","item":"https:\/\/masbanatawaida.com\/fr\/boutique\/"},{"@type":"ListItem","position":3,"name":"Savon Glycerine avec Luffa \/ Mangue"}]},{"@type":"WebSite","@id":"https:\/\/masbanatawaida.com\/fr\/#website","url":"https:\/\/masbanatawaida.com\/fr\/","name":"Masbanat Awaida","description":"since 1880","publisher":{"@id":"https:\/\/masbanatawaida.com\/fr\/#organization"},"potentialAction":[{"@type":"SearchAction","target":{"@type":"EntryPoint","urlTemplate":"https:\/\/masbanatawaida.com\/fr\/?s={search_term_string}"},"query-input":{"@type":"PropertyValueSpecification","valueRequired":true,"valueName":"search_term_string"}}],"inLanguage":"fr-FR"},{"@type":"Organization","@id":"https:\/\/masbanatawaida.com\/fr\/#organization","name":"Masbanat Awaida","url":"https:\/\/masbanatawaida.com\/fr\/","logo":{"@type":"ImageObject","inLanguage":"fr-FR","@id":"https:\/\/masbanatawaida.com\/fr\/#\/schema\/logo\/image\/","url":"https:\/\/masbanatawaida.com\/wp-content\/uploads\/2019\/03\/MASBANAT-AWAIDA-LOGO-512x512.png","contentUrl":"https:\/\/masbanatawaida.com\/wp-content\/uploads\/2019\/03\/MASBANAT-AWAIDA-LOGO-512x512.png","width":512,"height":512,"caption":"Masbanat Awaida"},"image":{"@id":"https:\/\/masbanatawaida.com\/fr\/#\/schema\/logo\/image\/"},"sameAs":["https:\/\/www.facebook.com\/masbanatawaida","https:\/\/www.instagram.com\/masbanat_awaida\/"]}]}},"_links":{"self":[{"href":"https:\/\/masbanatawaida.com\/fr\/wp-json\/wp\/v2\/product\/8170","targetHints":{"allow":["GET"]}}],"collection":[{"href":"https:\/\/masbanatawaida.com\/fr\/wp-json\/wp\/v2\/product"}],"about":[{"href":"https:\/\/masbanatawaida.com\/fr\/wp-json\/wp\/v2\/types\/product"}],"replies":[{"embeddable":true,"href":"https:\/\/masbanatawaida.com\/fr\/wp-json\/wp\/v2\/comments?post=8170"}],"wp:featuredmedia":[{"embeddable":true,"href":"https:\/\/masbanatawaida.com\/fr\/wp-json\/wp\/v2\/media\/8169"}],"wp:attachment":[{"href":"https:\/\/masbanatawaida.com\/fr\/wp-json\/wp\/v2\/media?parent=8170"}],"wp:term":[{"taxonomy":"product_brand","embeddable":true,"href":"https:\/\/masbanatawaida.com\/fr\/wp-json\/wp\/v2\/product_brand?post=8170"},{"taxonomy":"product_cat","embeddable":true,"href":"https:\/\/masbanatawaida.com\/fr\/wp-json\/wp\/v2\/product_cat?post=8170"},{"taxonomy":"product_tag","embeddable":true,"href":"https:\/\/masbanatawaida.com\/fr\/wp-json\/wp\/v2\/product_tag?post=8170"}],"curies":[{"name":"wp","href":"https:\/\/api.w.org\/{rel}","templated":true}]}}