{"id":8385,"date":"2023-05-10T21:03:53","date_gmt":"2023-05-10T21:03:53","guid":{"rendered":"https:\/\/masbanatawaida.com\/product\/glycerine-floral\/"},"modified":"2026-03-24T21:02:12","modified_gmt":"2026-03-24T21:02:12","slug":"glycerine-floral","status":"publish","type":"product","link":"https:\/\/masbanatawaida.com\/fr\/produit\/glycerine-floral\/","title":{"rendered":"Glyc\u00e9rine Floral"},"content":{"rendered":"<p data-start=\"66\" data-end=\"489\">Le savon Glycerine Floral de Masbanat Awaida est un savon d\u00e9licatement fabriqu\u00e9 \u00e0 la main, con\u00e7u pour offrir un nettoyage doux, une exfoliation l\u00e9g\u00e8re et une exp\u00e9rience florale rafra\u00eechissante \u00e0 chaque utilisation. Formul\u00e9 avec un m\u00e9lange nourrissant d\u2019huile de ricin, d\u2019huile de coco, de glyc\u00e9rine, d\u2019huile de palme et enrichi en vitamine E, ce savon combine hydratation et soin avec des propri\u00e9t\u00e9s nettoyantes efficaces, ce qui le rend adapt\u00e9 \u00e0 une utilisation quotidienne. <\/p>\n<p data-start=\"491\" data-end=\"912\">Infus\u00e9 d\u2019un parfum floral doux, ce savon \u00e0 base de glyc\u00e9rine offre une exp\u00e9rience aromatique l\u00e9g\u00e8re et agr\u00e9able qui am\u00e9liore le rituel de bain. Son parfum \u00e9voque la fra\u00eecheur des fleurs en pleine floraison, cr\u00e9ant une atmosph\u00e8re propre et rafra\u00eechissante tout en laissant une subtile fragrance sur la peau. Sa mousse lisse s\u2019\u00e9tale facilement, aidant \u00e0 \u00e9liminer les impuret\u00e9s tout en maintenant l\u2019\u00e9quilibre naturel d\u2019hydratation de la peau.  <\/p>\n<p data-start=\"914\" data-end=\"1285\">La forte teneur en glyc\u00e9rine agit comme un humectant naturel, attirant l\u2019humidit\u00e9 vers la peau et contribuant \u00e0 la garder hydrat\u00e9e, douce et souple. De plus, ce savon offre de l\u00e9gers bienfaits exfoliants, aidant \u00e0 \u00e9liminer les cellules mortes et \u00e0 favoriser une meilleure circulation sanguine. Avec une utilisation r\u00e9guli\u00e8re, la peau para\u00eet plus lisse, plus saine et plus \u00e9clatante.  <\/p>\n<p data-start=\"1287\" data-end=\"1616\">La vitamine E contribue \u00e9galement \u00e0 nourrir la peau en aidant \u00e0 la prot\u00e9ger contre la s\u00e9cheresse et les agressions environnementales, soutenant ainsi la sant\u00e9 globale de la peau. Chaque pain est soigneusement fabriqu\u00e9 \u00e0 la main afin de garantir qualit\u00e9, constance et attention aux d\u00e9tails, refl\u00e9tant la tradition d\u2019excellence de Masbanat Awaida dans la fabrication de savons naturels. <\/p>\n<p data-start=\"1618\" data-end=\"1866\">Compact et pratique, le savon Glycerine Floral est id\u00e9al pour une utilisation \u00e0 domicile comme en voyage. Sa formulation naturelle et ses propri\u00e9t\u00e9s douces le rendent adapt\u00e9 \u00e0 une large gamme de types de peau, y compris pour ceux qui recherchent une solution de nettoyage douce mais efficace. <\/p>\n<p data-start=\"1868\" data-end=\"2095\" data-is-last-node=\"\" data-is-only-node=\"\">Plus qu\u2019un simple savon, le Glycerine Floral Soap offre une combinaison harmonieuse d\u2019hydratation, d\u2019exfoliation et de parfum floral rafra\u00eechissant \u2014 r\u00e9unissant des ingr\u00e9dients naturels et un savoir-faire artisanal dans un produit \u00e9l\u00e9gant.<\/p>\n","protected":false},"excerpt":{"rendered":"<ul>\n<li><span style=\"color: #000000;\">Ingr\u00e9dients : Huile de ricin, Huile de coco, Glyc\u00e9rine, Acide st\u00e9arique, \u00c9thanol, Vitamine E, Parfum, Huile de palme<\/span><\/li>\n<li><span style=\"color: #000000;\">Parfum : Bouquet floral<\/span><\/li>\n<li><span style=\"color: #000000;\">Poids : 90 g<\/span><\/li>\n<li><span style=\"color: #000000;\">Dimensions : 6,3 \u00d7 4,5 \u00d7 2,5 cm<\/span><\/li>\n<\/ul>\n<p><span style=\"color: #000000;\">Bienfaits : Exfolie doucement la peau \/ Active la circulation sanguine<\/span><\/p>\n","protected":false},"featured_media":8382,"comment_status":"closed","ping_status":"closed","template":"","meta":[],"product_brand":[],"product_cat":[343],"product_tag":[293,294,292,286,346,291,289,295],"class_list":{"0":"post-8385","1":"product","2":"type-product","3":"status-publish","4":"has-post-thumbnail","6":"product_cat-glycerine","7":"product_tag-acide-stearique","8":"product_tag-ethanol","9":"product_tag-glycerine","10":"product_tag-huile-de-noix-de-coco","11":"product_tag-huile-de-palme","12":"product_tag-huile-de-ricin","13":"product_tag-parfum","14":"product_tag-vitamine-e","16":"first","17":"instock","18":"shipping-taxable","19":"purchasable","20":"product-type-simple"},"yoast_head":"<!-- This site is optimized with the Yoast SEO plugin v27.3 - https:\/\/yoast.com\/product\/yoast-seo-wordpress\/ -->\n<title>Glyc\u00e9rine Floral - Masbanat Awaida<\/title>\n<meta name=\"description\" content=\"Savon glyc\u00e9rin\u00e9 floral au parfum d\u00e9licat de bouquet. Exfolie en douceur la peau, stimule la circulation et est fabriqu\u00e9 avec des huiles naturelles.\" \/>\n<meta name=\"robots\" content=\"index, follow, max-snippet:-1, max-image-preview:large, max-video-preview:-1\" \/>\n<link rel=\"canonical\" href=\"https:\/\/masbanatawaida.com\/fr\/produit\/glycerine-floral\/\" \/>\n<meta property=\"og:locale\" content=\"fr_FR\" \/>\n<meta property=\"og:type\" content=\"article\" \/>\n<meta property=\"og:title\" content=\"Glyc\u00e9rine Floral - Masbanat Awaida\" \/>\n<meta property=\"og:description\" content=\"Savon glyc\u00e9rin\u00e9 floral au parfum d\u00e9licat de bouquet. Exfolie en douceur la peau, stimule la circulation et est fabriqu\u00e9 avec des huiles naturelles.\" \/>\n<meta property=\"og:url\" content=\"https:\/\/masbanatawaida.com\/fr\/produit\/glycerine-floral\/\" \/>\n<meta property=\"og:site_name\" content=\"Masbanat Awaida\" \/>\n<meta property=\"article:publisher\" content=\"https:\/\/www.facebook.com\/masbanatawaida\" \/>\n<meta property=\"article:modified_time\" content=\"2026-03-24T21:02:12+00:00\" \/>\n<meta property=\"og:image\" content=\"https:\/\/masbanatawaida.com\/wp-content\/uploads\/2023\/05\/G-FB-scaled.jpg\" \/>\n\t<meta property=\"og:image:width\" content=\"2560\" \/>\n\t<meta property=\"og:image:height\" content=\"2560\" \/>\n\t<meta property=\"og:image:type\" content=\"image\/jpeg\" \/>\n<meta name=\"twitter:card\" content=\"summary_large_image\" \/>\n<meta name=\"twitter:label1\" content=\"Dur\u00e9e de lecture estim\u00e9e\" \/>\n\t<meta name=\"twitter:data1\" content=\"2 minutes\" \/>\n<script type=\"application\/ld+json\" class=\"yoast-schema-graph\">{\"@context\":\"https:\\\/\\\/schema.org\",\"@graph\":[{\"@type\":\"WebPage\",\"@id\":\"https:\\\/\\\/masbanatawaida.com\\\/fr\\\/produit\\\/glycerine-floral\\\/\",\"url\":\"https:\\\/\\\/masbanatawaida.com\\\/fr\\\/produit\\\/glycerine-floral\\\/\",\"name\":\"Glyc\u00e9rine Floral - Masbanat Awaida\",\"isPartOf\":{\"@id\":\"https:\\\/\\\/masbanatawaida.com\\\/fr\\\/#website\"},\"primaryImageOfPage\":{\"@id\":\"https:\\\/\\\/masbanatawaida.com\\\/fr\\\/produit\\\/glycerine-floral\\\/#primaryimage\"},\"image\":{\"@id\":\"https:\\\/\\\/masbanatawaida.com\\\/fr\\\/produit\\\/glycerine-floral\\\/#primaryimage\"},\"thumbnailUrl\":\"https:\\\/\\\/masbanatawaida.com\\\/wp-content\\\/uploads\\\/2023\\\/05\\\/G-FB-scaled.jpg\",\"datePublished\":\"2023-05-10T21:03:53+00:00\",\"dateModified\":\"2026-03-24T21:02:12+00:00\",\"description\":\"Savon glyc\u00e9rin\u00e9 floral au parfum d\u00e9licat de bouquet. Exfolie en douceur la peau, stimule la circulation et est fabriqu\u00e9 avec des huiles naturelles.\",\"breadcrumb\":{\"@id\":\"https:\\\/\\\/masbanatawaida.com\\\/fr\\\/produit\\\/glycerine-floral\\\/#breadcrumb\"},\"inLanguage\":\"fr-FR\",\"potentialAction\":[{\"@type\":\"ReadAction\",\"target\":[\"https:\\\/\\\/masbanatawaida.com\\\/fr\\\/produit\\\/glycerine-floral\\\/\"]}]},{\"@type\":\"ImageObject\",\"inLanguage\":\"fr-FR\",\"@id\":\"https:\\\/\\\/masbanatawaida.com\\\/fr\\\/produit\\\/glycerine-floral\\\/#primaryimage\",\"url\":\"https:\\\/\\\/masbanatawaida.com\\\/wp-content\\\/uploads\\\/2023\\\/05\\\/G-FB-scaled.jpg\",\"contentUrl\":\"https:\\\/\\\/masbanatawaida.com\\\/wp-content\\\/uploads\\\/2023\\\/05\\\/G-FB-scaled.jpg\",\"width\":2560,\"height\":2560,\"caption\":\"Mohammed_R.\"},{\"@type\":\"BreadcrumbList\",\"@id\":\"https:\\\/\\\/masbanatawaida.com\\\/fr\\\/produit\\\/glycerine-floral\\\/#breadcrumb\",\"itemListElement\":[{\"@type\":\"ListItem\",\"position\":1,\"name\":\"Home\",\"item\":\"https:\\\/\\\/masbanatawaida.com\\\/fr\\\/\"},{\"@type\":\"ListItem\",\"position\":2,\"name\":\"BOUTIQUE\",\"item\":\"https:\\\/\\\/masbanatawaida.com\\\/fr\\\/boutique\\\/\"},{\"@type\":\"ListItem\",\"position\":3,\"name\":\"Glyc\u00e9rine Floral\"}]},{\"@type\":\"WebSite\",\"@id\":\"https:\\\/\\\/masbanatawaida.com\\\/fr\\\/#website\",\"url\":\"https:\\\/\\\/masbanatawaida.com\\\/fr\\\/\",\"name\":\"Masbanat Awaida\",\"description\":\"since 1880\",\"publisher\":{\"@id\":\"https:\\\/\\\/masbanatawaida.com\\\/fr\\\/#organization\"},\"potentialAction\":[{\"@type\":\"SearchAction\",\"target\":{\"@type\":\"EntryPoint\",\"urlTemplate\":\"https:\\\/\\\/masbanatawaida.com\\\/fr\\\/?s={search_term_string}\"},\"query-input\":{\"@type\":\"PropertyValueSpecification\",\"valueRequired\":true,\"valueName\":\"search_term_string\"}}],\"inLanguage\":\"fr-FR\"},{\"@type\":\"Organization\",\"@id\":\"https:\\\/\\\/masbanatawaida.com\\\/fr\\\/#organization\",\"name\":\"Masbanat Awaida\",\"url\":\"https:\\\/\\\/masbanatawaida.com\\\/fr\\\/\",\"logo\":{\"@type\":\"ImageObject\",\"inLanguage\":\"fr-FR\",\"@id\":\"https:\\\/\\\/masbanatawaida.com\\\/fr\\\/#\\\/schema\\\/logo\\\/image\\\/\",\"url\":\"https:\\\/\\\/masbanatawaida.com\\\/wp-content\\\/uploads\\\/2019\\\/03\\\/MASBANAT-AWAIDA-LOGO-512x512.png\",\"contentUrl\":\"https:\\\/\\\/masbanatawaida.com\\\/wp-content\\\/uploads\\\/2019\\\/03\\\/MASBANAT-AWAIDA-LOGO-512x512.png\",\"width\":512,\"height\":512,\"caption\":\"Masbanat Awaida\"},\"image\":{\"@id\":\"https:\\\/\\\/masbanatawaida.com\\\/fr\\\/#\\\/schema\\\/logo\\\/image\\\/\"},\"sameAs\":[\"https:\\\/\\\/www.facebook.com\\\/masbanatawaida\",\"https:\\\/\\\/www.instagram.com\\\/masbanat_awaida\\\/\"]}]}<\/script>\n<!-- \/ Yoast SEO plugin. -->","yoast_head_json":{"title":"Glyc\u00e9rine Floral - Masbanat Awaida","description":"Savon glyc\u00e9rin\u00e9 floral au parfum d\u00e9licat de bouquet. Exfolie en douceur la peau, stimule la circulation et est fabriqu\u00e9 avec des huiles naturelles.","robots":{"index":"index","follow":"follow","max-snippet":"max-snippet:-1","max-image-preview":"max-image-preview:large","max-video-preview":"max-video-preview:-1"},"canonical":"https:\/\/masbanatawaida.com\/fr\/produit\/glycerine-floral\/","og_locale":"fr_FR","og_type":"article","og_title":"Glyc\u00e9rine Floral - Masbanat Awaida","og_description":"Savon glyc\u00e9rin\u00e9 floral au parfum d\u00e9licat de bouquet. Exfolie en douceur la peau, stimule la circulation et est fabriqu\u00e9 avec des huiles naturelles.","og_url":"https:\/\/masbanatawaida.com\/fr\/produit\/glycerine-floral\/","og_site_name":"Masbanat Awaida","article_publisher":"https:\/\/www.facebook.com\/masbanatawaida","article_modified_time":"2026-03-24T21:02:12+00:00","og_image":[{"width":2560,"height":2560,"url":"https:\/\/masbanatawaida.com\/wp-content\/uploads\/2023\/05\/G-FB-scaled.jpg","type":"image\/jpeg"}],"twitter_card":"summary_large_image","twitter_misc":{"Dur\u00e9e de lecture estim\u00e9e":"2 minutes"},"schema":{"@context":"https:\/\/schema.org","@graph":[{"@type":"WebPage","@id":"https:\/\/masbanatawaida.com\/fr\/produit\/glycerine-floral\/","url":"https:\/\/masbanatawaida.com\/fr\/produit\/glycerine-floral\/","name":"Glyc\u00e9rine Floral - Masbanat Awaida","isPartOf":{"@id":"https:\/\/masbanatawaida.com\/fr\/#website"},"primaryImageOfPage":{"@id":"https:\/\/masbanatawaida.com\/fr\/produit\/glycerine-floral\/#primaryimage"},"image":{"@id":"https:\/\/masbanatawaida.com\/fr\/produit\/glycerine-floral\/#primaryimage"},"thumbnailUrl":"https:\/\/masbanatawaida.com\/wp-content\/uploads\/2023\/05\/G-FB-scaled.jpg","datePublished":"2023-05-10T21:03:53+00:00","dateModified":"2026-03-24T21:02:12+00:00","description":"Savon glyc\u00e9rin\u00e9 floral au parfum d\u00e9licat de bouquet. Exfolie en douceur la peau, stimule la circulation et est fabriqu\u00e9 avec des huiles naturelles.","breadcrumb":{"@id":"https:\/\/masbanatawaida.com\/fr\/produit\/glycerine-floral\/#breadcrumb"},"inLanguage":"fr-FR","potentialAction":[{"@type":"ReadAction","target":["https:\/\/masbanatawaida.com\/fr\/produit\/glycerine-floral\/"]}]},{"@type":"ImageObject","inLanguage":"fr-FR","@id":"https:\/\/masbanatawaida.com\/fr\/produit\/glycerine-floral\/#primaryimage","url":"https:\/\/masbanatawaida.com\/wp-content\/uploads\/2023\/05\/G-FB-scaled.jpg","contentUrl":"https:\/\/masbanatawaida.com\/wp-content\/uploads\/2023\/05\/G-FB-scaled.jpg","width":2560,"height":2560,"caption":"Mohammed_R."},{"@type":"BreadcrumbList","@id":"https:\/\/masbanatawaida.com\/fr\/produit\/glycerine-floral\/#breadcrumb","itemListElement":[{"@type":"ListItem","position":1,"name":"Home","item":"https:\/\/masbanatawaida.com\/fr\/"},{"@type":"ListItem","position":2,"name":"BOUTIQUE","item":"https:\/\/masbanatawaida.com\/fr\/boutique\/"},{"@type":"ListItem","position":3,"name":"Glyc\u00e9rine Floral"}]},{"@type":"WebSite","@id":"https:\/\/masbanatawaida.com\/fr\/#website","url":"https:\/\/masbanatawaida.com\/fr\/","name":"Masbanat Awaida","description":"since 1880","publisher":{"@id":"https:\/\/masbanatawaida.com\/fr\/#organization"},"potentialAction":[{"@type":"SearchAction","target":{"@type":"EntryPoint","urlTemplate":"https:\/\/masbanatawaida.com\/fr\/?s={search_term_string}"},"query-input":{"@type":"PropertyValueSpecification","valueRequired":true,"valueName":"search_term_string"}}],"inLanguage":"fr-FR"},{"@type":"Organization","@id":"https:\/\/masbanatawaida.com\/fr\/#organization","name":"Masbanat Awaida","url":"https:\/\/masbanatawaida.com\/fr\/","logo":{"@type":"ImageObject","inLanguage":"fr-FR","@id":"https:\/\/masbanatawaida.com\/fr\/#\/schema\/logo\/image\/","url":"https:\/\/masbanatawaida.com\/wp-content\/uploads\/2019\/03\/MASBANAT-AWAIDA-LOGO-512x512.png","contentUrl":"https:\/\/masbanatawaida.com\/wp-content\/uploads\/2019\/03\/MASBANAT-AWAIDA-LOGO-512x512.png","width":512,"height":512,"caption":"Masbanat Awaida"},"image":{"@id":"https:\/\/masbanatawaida.com\/fr\/#\/schema\/logo\/image\/"},"sameAs":["https:\/\/www.facebook.com\/masbanatawaida","https:\/\/www.instagram.com\/masbanat_awaida\/"]}]}},"_links":{"self":[{"href":"https:\/\/masbanatawaida.com\/fr\/wp-json\/wp\/v2\/product\/8385","targetHints":{"allow":["GET"]}}],"collection":[{"href":"https:\/\/masbanatawaida.com\/fr\/wp-json\/wp\/v2\/product"}],"about":[{"href":"https:\/\/masbanatawaida.com\/fr\/wp-json\/wp\/v2\/types\/product"}],"replies":[{"embeddable":true,"href":"https:\/\/masbanatawaida.com\/fr\/wp-json\/wp\/v2\/comments?post=8385"}],"wp:featuredmedia":[{"embeddable":true,"href":"https:\/\/masbanatawaida.com\/fr\/wp-json\/wp\/v2\/media\/8382"}],"wp:attachment":[{"href":"https:\/\/masbanatawaida.com\/fr\/wp-json\/wp\/v2\/media?parent=8385"}],"wp:term":[{"taxonomy":"product_brand","embeddable":true,"href":"https:\/\/masbanatawaida.com\/fr\/wp-json\/wp\/v2\/product_brand?post=8385"},{"taxonomy":"product_cat","embeddable":true,"href":"https:\/\/masbanatawaida.com\/fr\/wp-json\/wp\/v2\/product_cat?post=8385"},{"taxonomy":"product_tag","embeddable":true,"href":"https:\/\/masbanatawaida.com\/fr\/wp-json\/wp\/v2\/product_tag?post=8385"}],"curies":[{"name":"wp","href":"https:\/\/api.w.org\/{rel}","templated":true}]}}