{"id":8408,"date":"2023-05-10T21:06:05","date_gmt":"2023-05-10T21:06:05","guid":{"rendered":"https:\/\/masbanatawaida.com\/product\/glycerine-lavande\/"},"modified":"2026-03-24T20:45:09","modified_gmt":"2026-03-24T20:45:09","slug":"glycerine-lavande","status":"publish","type":"product","link":"https:\/\/masbanatawaida.com\/fr\/produit\/glycerine-lavande\/","title":{"rendered":"Glyc\u00e9rine Lavande"},"content":{"rendered":"<p data-start=\"68\" data-end=\"478\">Le savon \u00e0 la glyc\u00e9rine \u00e0 la lavande de Masbanat Awaida est un savon artisanal apaisant et nourrissant, con\u00e7u pour nettoyer, exfolier et rafra\u00eechir la peau en douceur tout en offrant les bienfaits relaxants de la lavande. Soigneusement formul\u00e9 avec un m\u00e9lange de qualit\u00e9 d\u2019huile de ricin, d\u2019huile de coco, de glyc\u00e9rine, d\u2019huile de palme, et enrichi en vitamine E, ce savon offre une combinaison \u00e9quilibr\u00e9e d\u2019hydratation, de nettoyage et de soin de la peau. <\/p>\n<p data-start=\"480\" data-end=\"965\">Infus\u00e9 d\u2019un d\u00e9licat parfum de lavande, ce savon \u00e0 base de glyc\u00e9rine procure une exp\u00e9rience aromatique relaxante qui favorise un sentiment de calme et de bien-\u00eatre. La lavande est largement reconnue pour ses propri\u00e9t\u00e9s apaisantes, ce qui rend ce savon id\u00e9al pour un usage quotidien, en particulier lors des routines du soir o\u00f9 la d\u00e9tente est essentielle. Sa mousse douce \u00e9limine efficacement les impuret\u00e9s tout en pr\u00e9servant l\u2019hydratation naturelle de la peau, laissant celle-ci lisse, propre et confortablement hydrat\u00e9e.  <\/p>\n<p data-start=\"967\" data-end=\"1421\">La glyc\u00e9rine joue un r\u00f4le cl\u00e9 en attirant et en retenant l\u2019humidit\u00e9 dans la peau, aidant \u00e0 pr\u00e9venir la s\u00e9cheresse et \u00e0 maintenir une apparence saine et souple. En outre, les propri\u00e9t\u00e9s exfoliantes douces du savon aident \u00e0 \u00e9liminer les cellules mortes et \u00e0 stimuler la circulation sanguine, contribuant \u00e0 un teint plus \u00e9clatant et revitalis\u00e9 avec une utilisation r\u00e9guli\u00e8re. La vitamine E am\u00e9liore encore la formule en soutenant la nutrition et la protection globales de la peau.  <\/p>\n<p data-start=\"1423\" data-end=\"1793\">Chaque barre est soigneusement fabriqu\u00e9e \u00e0 la main afin de garantir une qualit\u00e9 constante, des performances fiables et une attention particuli\u00e8re aux d\u00e9tails. Sa taille compacte et sa forme pratique la rendent adapt\u00e9e \u00e0 un usage quotidien \u00e0 la maison ou en voyage. Sa formulation naturelle, exempte d\u2019additifs agressifs, convient \u00e0 une vari\u00e9t\u00e9 de types de peau, y compris celles qui recherchent une solution de nettoyage douce mais efficace.  <\/p>\n<p data-start=\"1795\" data-end=\"2125\" data-is-last-node=\"\" data-is-only-node=\"\">Id\u00e9al pour les soins personnels ou comme partie d\u2019un coffret cadeau, le savon \u00e0 la glyc\u00e9rine \u00e0 la lavande refl\u00e8te l\u2019engagement de Masbanat Awaida envers l\u2019artisanat traditionnel et les besoins modernes en mati\u00e8re de soins de la peau. Plus qu\u2019un simple savon, c\u2019est une exp\u00e9rience apaisante pour la peau qui combine exfoliation douce, hydratation et l\u2019essence intemporelle de la lavande. <\/p>\n","protected":false},"excerpt":{"rendered":"<ul>\n<li><span style=\"color: #000000;\">Ingr\u00e9dients : Huile de ricin, Huile de coco, Glyc\u00e9rine, Acide st\u00e9arique, \u00c9thanol, Vitamine E, Parfum, Huile de palme<\/span><\/li>\n<li><span style=\"color: #000000;\">Parfum : Lavande<\/span><\/li>\n<li><span style=\"color: #000000;\">Poids : 90 g<\/span><\/li>\n<li><span style=\"color: #000000;\">Dimensions : 6,3 \u00d7 4,5 \u00d7 2,5 cm<\/span><\/li>\n<\/ul>\n<p><span style=\"color: #000000;\">Bienfaits : Exfolie doucement la peau \/ Active la circulation sanguine<\/span><\/p>\n","protected":false},"featured_media":8405,"comment_status":"closed","ping_status":"closed","template":"","meta":[],"product_brand":[],"product_cat":[343],"product_tag":[293,294,292,286,346,291,289,295],"class_list":{"0":"post-8408","1":"product","2":"type-product","3":"status-publish","4":"has-post-thumbnail","6":"product_cat-glycerine","7":"product_tag-acide-stearique","8":"product_tag-ethanol","9":"product_tag-glycerine","10":"product_tag-huile-de-noix-de-coco","11":"product_tag-huile-de-palme","12":"product_tag-huile-de-ricin","13":"product_tag-parfum","14":"product_tag-vitamine-e","16":"first","17":"instock","18":"shipping-taxable","19":"purchasable","20":"product-type-simple"},"yoast_head":"<!-- This site is optimized with the Yoast SEO plugin v27.3 - https:\/\/yoast.com\/product\/yoast-seo-wordpress\/ -->\n<title>Glyc\u00e9rine Lavande - Masbanat Awaida<\/title>\n<meta name=\"description\" content=\"Savon glyc\u00e9rin\u00e9 lavande au parfum apaisant de lavande. Exfolie en douceur la peau, stimule la circulation et est fabriqu\u00e9 avec des huiles naturelles.\" \/>\n<meta name=\"robots\" content=\"index, follow, max-snippet:-1, max-image-preview:large, max-video-preview:-1\" \/>\n<link rel=\"canonical\" href=\"https:\/\/masbanatawaida.com\/fr\/produit\/glycerine-lavande\/\" \/>\n<meta property=\"og:locale\" content=\"fr_FR\" \/>\n<meta property=\"og:type\" content=\"article\" \/>\n<meta property=\"og:title\" content=\"Glyc\u00e9rine Lavande - Masbanat Awaida\" \/>\n<meta property=\"og:description\" content=\"Savon glyc\u00e9rin\u00e9 lavande au parfum apaisant de lavande. Exfolie en douceur la peau, stimule la circulation et est fabriqu\u00e9 avec des huiles naturelles.\" \/>\n<meta property=\"og:url\" content=\"https:\/\/masbanatawaida.com\/fr\/produit\/glycerine-lavande\/\" \/>\n<meta property=\"og:site_name\" content=\"Masbanat Awaida\" \/>\n<meta property=\"article:publisher\" content=\"https:\/\/www.facebook.com\/masbanatawaida\" \/>\n<meta property=\"article:modified_time\" content=\"2026-03-24T20:45:09+00:00\" \/>\n<meta property=\"og:image\" content=\"https:\/\/masbanatawaida.com\/wp-content\/uploads\/2023\/05\/G-lav-scaled.jpg\" \/>\n\t<meta property=\"og:image:width\" content=\"2560\" \/>\n\t<meta property=\"og:image:height\" content=\"2560\" \/>\n\t<meta property=\"og:image:type\" content=\"image\/jpeg\" \/>\n<meta name=\"twitter:card\" content=\"summary_large_image\" \/>\n<meta name=\"twitter:label1\" content=\"Dur\u00e9e de lecture estim\u00e9e\" \/>\n\t<meta name=\"twitter:data1\" content=\"2 minutes\" \/>\n<script type=\"application\/ld+json\" class=\"yoast-schema-graph\">{\"@context\":\"https:\\\/\\\/schema.org\",\"@graph\":[{\"@type\":\"WebPage\",\"@id\":\"https:\\\/\\\/masbanatawaida.com\\\/fr\\\/produit\\\/glycerine-lavande\\\/\",\"url\":\"https:\\\/\\\/masbanatawaida.com\\\/fr\\\/produit\\\/glycerine-lavande\\\/\",\"name\":\"Glyc\u00e9rine Lavande - Masbanat Awaida\",\"isPartOf\":{\"@id\":\"https:\\\/\\\/masbanatawaida.com\\\/fr\\\/#website\"},\"primaryImageOfPage\":{\"@id\":\"https:\\\/\\\/masbanatawaida.com\\\/fr\\\/produit\\\/glycerine-lavande\\\/#primaryimage\"},\"image\":{\"@id\":\"https:\\\/\\\/masbanatawaida.com\\\/fr\\\/produit\\\/glycerine-lavande\\\/#primaryimage\"},\"thumbnailUrl\":\"https:\\\/\\\/masbanatawaida.com\\\/wp-content\\\/uploads\\\/2023\\\/05\\\/G-lav-scaled.jpg\",\"datePublished\":\"2023-05-10T21:06:05+00:00\",\"dateModified\":\"2026-03-24T20:45:09+00:00\",\"description\":\"Savon glyc\u00e9rin\u00e9 lavande au parfum apaisant de lavande. Exfolie en douceur la peau, stimule la circulation et est fabriqu\u00e9 avec des huiles naturelles.\",\"breadcrumb\":{\"@id\":\"https:\\\/\\\/masbanatawaida.com\\\/fr\\\/produit\\\/glycerine-lavande\\\/#breadcrumb\"},\"inLanguage\":\"fr-FR\",\"potentialAction\":[{\"@type\":\"ReadAction\",\"target\":[\"https:\\\/\\\/masbanatawaida.com\\\/fr\\\/produit\\\/glycerine-lavande\\\/\"]}]},{\"@type\":\"ImageObject\",\"inLanguage\":\"fr-FR\",\"@id\":\"https:\\\/\\\/masbanatawaida.com\\\/fr\\\/produit\\\/glycerine-lavande\\\/#primaryimage\",\"url\":\"https:\\\/\\\/masbanatawaida.com\\\/wp-content\\\/uploads\\\/2023\\\/05\\\/G-lav-scaled.jpg\",\"contentUrl\":\"https:\\\/\\\/masbanatawaida.com\\\/wp-content\\\/uploads\\\/2023\\\/05\\\/G-lav-scaled.jpg\",\"width\":2560,\"height\":2560,\"caption\":\"Mohammed_R.\"},{\"@type\":\"BreadcrumbList\",\"@id\":\"https:\\\/\\\/masbanatawaida.com\\\/fr\\\/produit\\\/glycerine-lavande\\\/#breadcrumb\",\"itemListElement\":[{\"@type\":\"ListItem\",\"position\":1,\"name\":\"Home\",\"item\":\"https:\\\/\\\/masbanatawaida.com\\\/fr\\\/\"},{\"@type\":\"ListItem\",\"position\":2,\"name\":\"BOUTIQUE\",\"item\":\"https:\\\/\\\/masbanatawaida.com\\\/fr\\\/boutique\\\/\"},{\"@type\":\"ListItem\",\"position\":3,\"name\":\"Glyc\u00e9rine Lavande\"}]},{\"@type\":\"WebSite\",\"@id\":\"https:\\\/\\\/masbanatawaida.com\\\/fr\\\/#website\",\"url\":\"https:\\\/\\\/masbanatawaida.com\\\/fr\\\/\",\"name\":\"Masbanat Awaida\",\"description\":\"since 1880\",\"publisher\":{\"@id\":\"https:\\\/\\\/masbanatawaida.com\\\/fr\\\/#organization\"},\"potentialAction\":[{\"@type\":\"SearchAction\",\"target\":{\"@type\":\"EntryPoint\",\"urlTemplate\":\"https:\\\/\\\/masbanatawaida.com\\\/fr\\\/?s={search_term_string}\"},\"query-input\":{\"@type\":\"PropertyValueSpecification\",\"valueRequired\":true,\"valueName\":\"search_term_string\"}}],\"inLanguage\":\"fr-FR\"},{\"@type\":\"Organization\",\"@id\":\"https:\\\/\\\/masbanatawaida.com\\\/fr\\\/#organization\",\"name\":\"Masbanat Awaida\",\"url\":\"https:\\\/\\\/masbanatawaida.com\\\/fr\\\/\",\"logo\":{\"@type\":\"ImageObject\",\"inLanguage\":\"fr-FR\",\"@id\":\"https:\\\/\\\/masbanatawaida.com\\\/fr\\\/#\\\/schema\\\/logo\\\/image\\\/\",\"url\":\"https:\\\/\\\/masbanatawaida.com\\\/wp-content\\\/uploads\\\/2019\\\/03\\\/MASBANAT-AWAIDA-LOGO-512x512.png\",\"contentUrl\":\"https:\\\/\\\/masbanatawaida.com\\\/wp-content\\\/uploads\\\/2019\\\/03\\\/MASBANAT-AWAIDA-LOGO-512x512.png\",\"width\":512,\"height\":512,\"caption\":\"Masbanat Awaida\"},\"image\":{\"@id\":\"https:\\\/\\\/masbanatawaida.com\\\/fr\\\/#\\\/schema\\\/logo\\\/image\\\/\"},\"sameAs\":[\"https:\\\/\\\/www.facebook.com\\\/masbanatawaida\",\"https:\\\/\\\/www.instagram.com\\\/masbanat_awaida\\\/\"]}]}<\/script>\n<!-- \/ Yoast SEO plugin. -->","yoast_head_json":{"title":"Glyc\u00e9rine Lavande - Masbanat Awaida","description":"Savon glyc\u00e9rin\u00e9 lavande au parfum apaisant de lavande. Exfolie en douceur la peau, stimule la circulation et est fabriqu\u00e9 avec des huiles naturelles.","robots":{"index":"index","follow":"follow","max-snippet":"max-snippet:-1","max-image-preview":"max-image-preview:large","max-video-preview":"max-video-preview:-1"},"canonical":"https:\/\/masbanatawaida.com\/fr\/produit\/glycerine-lavande\/","og_locale":"fr_FR","og_type":"article","og_title":"Glyc\u00e9rine Lavande - Masbanat Awaida","og_description":"Savon glyc\u00e9rin\u00e9 lavande au parfum apaisant de lavande. Exfolie en douceur la peau, stimule la circulation et est fabriqu\u00e9 avec des huiles naturelles.","og_url":"https:\/\/masbanatawaida.com\/fr\/produit\/glycerine-lavande\/","og_site_name":"Masbanat Awaida","article_publisher":"https:\/\/www.facebook.com\/masbanatawaida","article_modified_time":"2026-03-24T20:45:09+00:00","og_image":[{"width":2560,"height":2560,"url":"https:\/\/masbanatawaida.com\/wp-content\/uploads\/2023\/05\/G-lav-scaled.jpg","type":"image\/jpeg"}],"twitter_card":"summary_large_image","twitter_misc":{"Dur\u00e9e de lecture estim\u00e9e":"2 minutes"},"schema":{"@context":"https:\/\/schema.org","@graph":[{"@type":"WebPage","@id":"https:\/\/masbanatawaida.com\/fr\/produit\/glycerine-lavande\/","url":"https:\/\/masbanatawaida.com\/fr\/produit\/glycerine-lavande\/","name":"Glyc\u00e9rine Lavande - Masbanat Awaida","isPartOf":{"@id":"https:\/\/masbanatawaida.com\/fr\/#website"},"primaryImageOfPage":{"@id":"https:\/\/masbanatawaida.com\/fr\/produit\/glycerine-lavande\/#primaryimage"},"image":{"@id":"https:\/\/masbanatawaida.com\/fr\/produit\/glycerine-lavande\/#primaryimage"},"thumbnailUrl":"https:\/\/masbanatawaida.com\/wp-content\/uploads\/2023\/05\/G-lav-scaled.jpg","datePublished":"2023-05-10T21:06:05+00:00","dateModified":"2026-03-24T20:45:09+00:00","description":"Savon glyc\u00e9rin\u00e9 lavande au parfum apaisant de lavande. Exfolie en douceur la peau, stimule la circulation et est fabriqu\u00e9 avec des huiles naturelles.","breadcrumb":{"@id":"https:\/\/masbanatawaida.com\/fr\/produit\/glycerine-lavande\/#breadcrumb"},"inLanguage":"fr-FR","potentialAction":[{"@type":"ReadAction","target":["https:\/\/masbanatawaida.com\/fr\/produit\/glycerine-lavande\/"]}]},{"@type":"ImageObject","inLanguage":"fr-FR","@id":"https:\/\/masbanatawaida.com\/fr\/produit\/glycerine-lavande\/#primaryimage","url":"https:\/\/masbanatawaida.com\/wp-content\/uploads\/2023\/05\/G-lav-scaled.jpg","contentUrl":"https:\/\/masbanatawaida.com\/wp-content\/uploads\/2023\/05\/G-lav-scaled.jpg","width":2560,"height":2560,"caption":"Mohammed_R."},{"@type":"BreadcrumbList","@id":"https:\/\/masbanatawaida.com\/fr\/produit\/glycerine-lavande\/#breadcrumb","itemListElement":[{"@type":"ListItem","position":1,"name":"Home","item":"https:\/\/masbanatawaida.com\/fr\/"},{"@type":"ListItem","position":2,"name":"BOUTIQUE","item":"https:\/\/masbanatawaida.com\/fr\/boutique\/"},{"@type":"ListItem","position":3,"name":"Glyc\u00e9rine Lavande"}]},{"@type":"WebSite","@id":"https:\/\/masbanatawaida.com\/fr\/#website","url":"https:\/\/masbanatawaida.com\/fr\/","name":"Masbanat Awaida","description":"since 1880","publisher":{"@id":"https:\/\/masbanatawaida.com\/fr\/#organization"},"potentialAction":[{"@type":"SearchAction","target":{"@type":"EntryPoint","urlTemplate":"https:\/\/masbanatawaida.com\/fr\/?s={search_term_string}"},"query-input":{"@type":"PropertyValueSpecification","valueRequired":true,"valueName":"search_term_string"}}],"inLanguage":"fr-FR"},{"@type":"Organization","@id":"https:\/\/masbanatawaida.com\/fr\/#organization","name":"Masbanat Awaida","url":"https:\/\/masbanatawaida.com\/fr\/","logo":{"@type":"ImageObject","inLanguage":"fr-FR","@id":"https:\/\/masbanatawaida.com\/fr\/#\/schema\/logo\/image\/","url":"https:\/\/masbanatawaida.com\/wp-content\/uploads\/2019\/03\/MASBANAT-AWAIDA-LOGO-512x512.png","contentUrl":"https:\/\/masbanatawaida.com\/wp-content\/uploads\/2019\/03\/MASBANAT-AWAIDA-LOGO-512x512.png","width":512,"height":512,"caption":"Masbanat Awaida"},"image":{"@id":"https:\/\/masbanatawaida.com\/fr\/#\/schema\/logo\/image\/"},"sameAs":["https:\/\/www.facebook.com\/masbanatawaida","https:\/\/www.instagram.com\/masbanat_awaida\/"]}]}},"_links":{"self":[{"href":"https:\/\/masbanatawaida.com\/fr\/wp-json\/wp\/v2\/product\/8408","targetHints":{"allow":["GET"]}}],"collection":[{"href":"https:\/\/masbanatawaida.com\/fr\/wp-json\/wp\/v2\/product"}],"about":[{"href":"https:\/\/masbanatawaida.com\/fr\/wp-json\/wp\/v2\/types\/product"}],"replies":[{"embeddable":true,"href":"https:\/\/masbanatawaida.com\/fr\/wp-json\/wp\/v2\/comments?post=8408"}],"wp:featuredmedia":[{"embeddable":true,"href":"https:\/\/masbanatawaida.com\/fr\/wp-json\/wp\/v2\/media\/8405"}],"wp:attachment":[{"href":"https:\/\/masbanatawaida.com\/fr\/wp-json\/wp\/v2\/media?parent=8408"}],"wp:term":[{"taxonomy":"product_brand","embeddable":true,"href":"https:\/\/masbanatawaida.com\/fr\/wp-json\/wp\/v2\/product_brand?post=8408"},{"taxonomy":"product_cat","embeddable":true,"href":"https:\/\/masbanatawaida.com\/fr\/wp-json\/wp\/v2\/product_cat?post=8408"},{"taxonomy":"product_tag","embeddable":true,"href":"https:\/\/masbanatawaida.com\/fr\/wp-json\/wp\/v2\/product_tag?post=8408"}],"curies":[{"name":"wp","href":"https:\/\/api.w.org\/{rel}","templated":true}]}}